{"id":1324,"date":"2024-07-02T00:36:02","date_gmt":"2024-07-01T21:36:02","guid":{"rendered":"https:\/\/zilelemaghiare.ro\/?page_id=1324"},"modified":"2024-08-13T10:04:06","modified_gmt":"2024-08-13T07:04:06","slug":"regulament","status":"publish","type":"page","link":"https:\/\/magyarnapok.ro\/2024\/ro\/regulament\/","title":{"rendered":"Regulament"},"content":{"rendered":"\n<p><strong>S\u0103 avem grij\u0103 unii de al\u021bii la Zilele Culturale Maghiare din Cluj!<\/strong><\/p>\n\n\n\n<p>Zilele Culturale Maghiare din Cluj se num\u0103r\u0103 deja printre cele mai cuprinz\u0103toare \u015fi populare serii de evenimente culturale organizate \u00een s\u00e2nul comunit\u0103\u0163ii maghiare din Bazinul Carpatic. Datele privind participarea din ultimii ani \u015fi num\u0103rul mare de semnale pozitive primite din partea publicului confirm\u0103 acest lucru.<\/p>\n\n\n\n<p>Av\u00e2nd \u00een vedere comportamentul exemplar, civilizat, respectiv sentimentul de solidaritate \u015fi aten\u0163ia reciproc\u0103 manifestate de participan\u0163i, comunitatea maghiar\u0103 clujean\u0103 a dob\u00e2ndit, pe bun\u0103 dreptate, recunoa\u015fterea general\u0103 de care se bucur\u0103.<\/p>\n\n\n\n<p>\u00cen acest spirit \u015fi av\u00e2nd \u00een vedere faptul c\u0103 \u00een perioada festivalului, \u00een special \u00een timpul concertelor, un num\u0103r extrem mare de persoane se vor aduna \u00een Pia\u0163a Unirii, este important S\u0102 RESPECT\u0102M M\u0102SURILE DE SIGURAN\u0162\u0102. Numai astfel vom putea garanta posibilitatea organiz\u0103rii \u015fi pe viitor a acestei manifest\u0103ri.<\/p>\n\n\n\n<p>S\u0103 ne purt\u0103m de grij\u0103 reciproc \u015fi \u00een continuare, cu aten\u021bie deosebit\u0103 la copiii \u015fi v\u00e2rstnicii care particip\u0103 la programe. \u00cen acest sens, v\u0103 rug\u0103m s\u0103 citi\u021bi cu aten\u021bie urm\u0103toarele reguli:<\/p>\n\n\n\n<ul class=\"wp-block-list\">\n<li>Introducerea oric\u0103ror obiecte care pericliteaz\u0103 siguran\u0163a public\u0103 \u015fi integritatea fizic\u0103 a celorlal\u0163i este strict interzis\u0103 pe toat\u0103 durata festivalului \u015fi \u00een fiecare dintre perimetrele alocate desf\u0103\u015fur\u0103rii manifest\u0103rilor.<\/li>\n\n\n\n<li>V\u0103 rug\u0103m, nu intra\u0163i cu copii, sugari \u015fi c\u0103rucioare \u00een mijlocul mul\u0163imii.<\/li>\n\n\n\n<li>Recomand\u0103m ca minorii s\u0103 poarte la ei, \u00een buzunar, ecusoane sau h\u00e2rtii informative. Pe acestea trebuie trecut numele copilului \u015fi num\u0103rul de telefon al p\u0103rin\u0163ilor. Dac\u0103 g\u0103si\u0163i un copil pierdut, v\u0103 rug\u0103m s\u0103 \u00eel conduce\u0163i la unul dintre standurile de informa\u0163ii.<\/li>\n\n\n\n<li>Nu recomand\u0103m aducerea animalelor de companie \u00een perimetrele rezervate desf\u0103\u015fur\u0103rii evenimente. Dac\u0103 acest lucru nu poate fi evitat, st\u0103p\u00e2nul animalului este obligat s\u0103 \u00eei pun\u0103 botni\u0163\u0103 \u015fi les\u0103 sau s\u0103-l transporte \u00eentr-o cu\u015fc\u0103. Totodat\u0103, proprietarul va asigura igiena animalului s\u0103u de companie.<\/li>\n\n\n\n<li>V\u0103 sf\u0103tuim s\u0103 arunca\u0163i gunoiul sau de\u015feurile numai \u00een locurile special amenajate \u00een acest scop.<\/li>\n\n\n\n<li>Traficul \u015fi consumul de droguri sunt strict interzise \u00een perimetrele rezervate desf\u0103\u015fur\u0103rii evenimentelor, \u00een conformitate cu legisla\u0163ia \u00een vigoare.<\/li>\n\n\n\n<li>V\u0103 rug\u0103m proteja\u0163i obiectele de decor \u015fi monumentele aflate pe domeniul public al ora\u015fului, inclusiv grupul statuar Matia Corvin.<\/li>\n\n\n\n<li>V\u0103 rug\u0103m s\u0103 preda\u0163i obiectele g\u0103site la standurile de informa\u0163ii. Obiectele pierdute vor putea fi ridicate din acelea\u015fi locuri.<\/li>\n\n\n\n<li>Perimetrele rezervate desf\u0103\u015fur\u0103rii evenimentelor vor fi prev\u0103zute cu puncte de prim-ajutor \u015fi standuri de informa\u0163ii. Ele vor fi, totodat\u0103, patrulate de echipaje de poli\u0163ie. \u00cen cazul apari\u0163iei unor probleme sau a eventualelor dificult\u0103\u021bi, v\u0103 rug\u0103m s\u0103 v\u0103 adresa\u0163i autorit\u0103\u0163ilor de ordine public\u0103 sau organizatorilor care se afl\u0103 la fa\u0163a locului. Bucura\u0163i-v\u0103 de evenimentele din timpul serii evit\u00e2nd tulburarea ordinii publice!<\/li>\n\n\n\n<li>V\u0103 rug\u0103m s\u0103 folosi\u0163i numai toalete publice destinate participan\u0163ilor la manifest\u0103ri.<\/li>\n\n\n\n<li>Dac\u0103 \u00eent\u00e2lni\u0163i persoane r\u0103nite sau care au probleme de s\u0103n\u0103tate (alarmante), v\u0103 rug\u0103m s\u0103 comunica\u0163i acest fapt persoanelor de la standurile de informa\u0163ii situate la marginile Pie\u0163ei Unirii sau s\u0103 anun\u0163a\u0163i echipele medicale aflate la fa\u0163a locului.<\/li>\n<\/ul>\n\n\n\n<p><strong>Cortul de prim-ajutor va func\u0163iona de miercuri p\u00e2n\u0103 duminic\u0103 pe strada Mihail Kog\u0103lniceanu.<\/strong><\/p>\n\n\n\n<p><strong>V\u0103 mul\u0163umim pentru \u00een\u0163elegere \u015fi cooperare! V\u0103 dorim distrac\u0163ie pl\u0103cut\u0103!<\/strong><\/p>\n","protected":false},"excerpt":{"rendered":"<p>S\u0103 avem grij\u0103 unii de al\u021bii la Zilele Culturale Maghiare din Cluj! Zilele Culturale Maghiare din Cluj se num\u0103r\u0103 deja printre cele mai cuprinz\u0103toare \u015fi populare serii de evenimente culturale organizate \u00een s\u00e2nul comunit\u0103\u0163ii maghiare din Bazinul Carpatic. Datele privind participarea din ultimii ani \u015fi num\u0103rul mare de semnale pozitive primite din partea publicului confirm\u0103 [&hellip;]<\/p>\n","protected":false},"author":1,"featured_media":0,"parent":0,"menu_order":0,"comment_status":"closed","ping_status":"closed","template":"","meta":{"_acf_changed":false,"footnotes":""},"class_list":["post-1324","page","type-page","status-publish","hentry"],"acf":[],"yoast_head":"<!-- This site is optimized with the Yoast SEO plugin v23.1 - https:\/\/yoast.com\/wordpress\/plugins\/seo\/ -->\n<title>Regulament - Zilele Culturale Maghiare din Cluj 2024<\/title>\n<meta name=\"robots\" content=\"index, follow, max-snippet:-1, max-image-preview:large, max-video-preview:-1\" \/>\n<link rel=\"canonical\" href=\"https:\/\/magyarnapok.ro\/2024\/ro\/regulament\/\" \/>\n<meta property=\"og:locale\" content=\"ro_RO\" \/>\n<meta property=\"og:type\" content=\"article\" \/>\n<meta property=\"og:title\" content=\"Regulament - Zilele Culturale Maghiare din Cluj 2024\" \/>\n<meta property=\"og:description\" content=\"S\u0103 avem grij\u0103 unii de al\u021bii la Zilele Culturale Maghiare din Cluj! Zilele Culturale Maghiare din Cluj se num\u0103r\u0103 deja printre cele mai cuprinz\u0103toare \u015fi populare serii de evenimente culturale organizate \u00een s\u00e2nul comunit\u0103\u0163ii maghiare din Bazinul Carpatic. Datele privind participarea din ultimii ani \u015fi num\u0103rul mare de semnale pozitive primite din partea publicului confirm\u0103 [&hellip;]\" \/>\n<meta property=\"og:url\" content=\"https:\/\/magyarnapok.ro\/2024\/ro\/regulament\/\" \/>\n<meta property=\"og:site_name\" content=\"Zilele Culturale Maghiare din Cluj 2024\" \/>\n<meta property=\"article:publisher\" content=\"https:\/\/www.facebook.com\/zilelemaghiarecluj\" \/>\n<meta property=\"article:modified_time\" content=\"2024-08-13T07:04:06+00:00\" \/>\n<meta property=\"og:image\" content=\"https:\/\/magyarnapok.ro\/2024\/ro\/wp-content\/uploads\/2024\/08\/KMN2024-www-intro-ro-02-1.jpg\" \/>\n\t<meta property=\"og:image:width\" content=\"1928\" \/>\n\t<meta property=\"og:image:height\" content=\"1079\" \/>\n\t<meta property=\"og:image:type\" content=\"image\/jpeg\" \/>\n<meta name=\"twitter:card\" content=\"summary_large_image\" \/>\n<meta name=\"twitter:label1\" content=\"Timp estimat pentru citire\" \/>\n\t<meta name=\"twitter:data1\" content=\"3 minute\" \/>\n<script type=\"application\/ld+json\" class=\"yoast-schema-graph\">{\"@context\":\"https:\/\/schema.org\",\"@graph\":[{\"@type\":\"WebPage\",\"@id\":\"https:\/\/magyarnapok.ro\/2024\/ro\/regulament\/\",\"url\":\"https:\/\/magyarnapok.ro\/2024\/ro\/regulament\/\",\"name\":\"Regulament - Zilele Culturale Maghiare din Cluj 2024\",\"isPartOf\":{\"@id\":\"https:\/\/magyarnapok.ro\/2024\/ro\/#website\"},\"datePublished\":\"2024-07-01T21:36:02+00:00\",\"dateModified\":\"2024-08-13T07:04:06+00:00\",\"breadcrumb\":{\"@id\":\"https:\/\/magyarnapok.ro\/2024\/ro\/regulament\/#breadcrumb\"},\"inLanguage\":\"ro-RO\",\"potentialAction\":[{\"@type\":\"ReadAction\",\"target\":[\"https:\/\/magyarnapok.ro\/2024\/ro\/regulament\/\"]}]},{\"@type\":\"BreadcrumbList\",\"@id\":\"https:\/\/magyarnapok.ro\/2024\/ro\/regulament\/#breadcrumb\",\"itemListElement\":[{\"@type\":\"ListItem\",\"position\":1,\"name\":\"Home\",\"item\":\"https:\/\/magyarnapok.ro\/2024\/ro\/\"},{\"@type\":\"ListItem\",\"position\":2,\"name\":\"Regulament\"}]},{\"@type\":\"WebSite\",\"@id\":\"https:\/\/magyarnapok.ro\/2024\/ro\/#website\",\"url\":\"https:\/\/magyarnapok.ro\/2024\/ro\/\",\"name\":\"Zilele Culturale Maghiare din Cluj 2024\",\"description\":\"Edi\u021bia a 15-a\",\"publisher\":{\"@id\":\"https:\/\/magyarnapok.ro\/2024\/ro\/#organization\"},\"potentialAction\":[{\"@type\":\"SearchAction\",\"target\":{\"@type\":\"EntryPoint\",\"urlTemplate\":\"https:\/\/magyarnapok.ro\/2024\/ro\/?s={search_term_string}\"},\"query-input\":\"required name=search_term_string\"}],\"inLanguage\":\"ro-RO\"},{\"@type\":\"Organization\",\"@id\":\"https:\/\/magyarnapok.ro\/2024\/ro\/#organization\",\"name\":\"Zilele Culturale Maghiare\",\"url\":\"https:\/\/magyarnapok.ro\/2024\/ro\/\",\"logo\":{\"@type\":\"ImageObject\",\"inLanguage\":\"ro-RO\",\"@id\":\"https:\/\/magyarnapok.ro\/2024\/ro\/#\/schema\/logo\/image\/\",\"url\":\"https:\/\/zilelemaghiare.ro\/wp-content\/uploads\/2024\/04\/kmn_15_logo.png\",\"contentUrl\":\"https:\/\/zilelemaghiare.ro\/wp-content\/uploads\/2024\/04\/kmn_15_logo.png\",\"width\":385,\"height\":362,\"caption\":\"Zilele Culturale Maghiare\"},\"image\":{\"@id\":\"https:\/\/magyarnapok.ro\/2024\/ro\/#\/schema\/logo\/image\/\"},\"sameAs\":[\"https:\/\/www.facebook.com\/zilelemaghiarecluj\"]}]}<\/script>\n<!-- \/ Yoast SEO plugin. -->","yoast_head_json":{"title":"Regulament - Zilele Culturale Maghiare din Cluj 2024","robots":{"index":"index","follow":"follow","max-snippet":"max-snippet:-1","max-image-preview":"max-image-preview:large","max-video-preview":"max-video-preview:-1"},"canonical":"https:\/\/magyarnapok.ro\/2024\/ro\/regulament\/","og_locale":"ro_RO","og_type":"article","og_title":"Regulament - Zilele Culturale Maghiare din Cluj 2024","og_description":"S\u0103 avem grij\u0103 unii de al\u021bii la Zilele Culturale Maghiare din Cluj! Zilele Culturale Maghiare din Cluj se num\u0103r\u0103 deja printre cele mai cuprinz\u0103toare \u015fi populare serii de evenimente culturale organizate \u00een s\u00e2nul comunit\u0103\u0163ii maghiare din Bazinul Carpatic. Datele privind participarea din ultimii ani \u015fi num\u0103rul mare de semnale pozitive primite din partea publicului confirm\u0103 [&hellip;]","og_url":"https:\/\/magyarnapok.ro\/2024\/ro\/regulament\/","og_site_name":"Zilele Culturale Maghiare din Cluj 2024","article_publisher":"https:\/\/www.facebook.com\/zilelemaghiarecluj","article_modified_time":"2024-08-13T07:04:06+00:00","og_image":[{"width":1928,"height":1079,"url":"https:\/\/magyarnapok.ro\/2024\/ro\/wp-content\/uploads\/2024\/08\/KMN2024-www-intro-ro-02-1.jpg","type":"image\/jpeg"}],"twitter_card":"summary_large_image","twitter_misc":{"Timp estimat pentru citire":"3 minute"},"schema":{"@context":"https:\/\/schema.org","@graph":[{"@type":"WebPage","@id":"https:\/\/magyarnapok.ro\/2024\/ro\/regulament\/","url":"https:\/\/magyarnapok.ro\/2024\/ro\/regulament\/","name":"Regulament - Zilele Culturale Maghiare din Cluj 2024","isPartOf":{"@id":"https:\/\/magyarnapok.ro\/2024\/ro\/#website"},"datePublished":"2024-07-01T21:36:02+00:00","dateModified":"2024-08-13T07:04:06+00:00","breadcrumb":{"@id":"https:\/\/magyarnapok.ro\/2024\/ro\/regulament\/#breadcrumb"},"inLanguage":"ro-RO","potentialAction":[{"@type":"ReadAction","target":["https:\/\/magyarnapok.ro\/2024\/ro\/regulament\/"]}]},{"@type":"BreadcrumbList","@id":"https:\/\/magyarnapok.ro\/2024\/ro\/regulament\/#breadcrumb","itemListElement":[{"@type":"ListItem","position":1,"name":"Home","item":"https:\/\/magyarnapok.ro\/2024\/ro\/"},{"@type":"ListItem","position":2,"name":"Regulament"}]},{"@type":"WebSite","@id":"https:\/\/magyarnapok.ro\/2024\/ro\/#website","url":"https:\/\/magyarnapok.ro\/2024\/ro\/","name":"Zilele Culturale Maghiare din Cluj 2024","description":"Edi\u021bia a 15-a","publisher":{"@id":"https:\/\/magyarnapok.ro\/2024\/ro\/#organization"},"potentialAction":[{"@type":"SearchAction","target":{"@type":"EntryPoint","urlTemplate":"https:\/\/magyarnapok.ro\/2024\/ro\/?s={search_term_string}"},"query-input":"required name=search_term_string"}],"inLanguage":"ro-RO"},{"@type":"Organization","@id":"https:\/\/magyarnapok.ro\/2024\/ro\/#organization","name":"Zilele Culturale Maghiare","url":"https:\/\/magyarnapok.ro\/2024\/ro\/","logo":{"@type":"ImageObject","inLanguage":"ro-RO","@id":"https:\/\/magyarnapok.ro\/2024\/ro\/#\/schema\/logo\/image\/","url":"https:\/\/zilelemaghiare.ro\/wp-content\/uploads\/2024\/04\/kmn_15_logo.png","contentUrl":"https:\/\/zilelemaghiare.ro\/wp-content\/uploads\/2024\/04\/kmn_15_logo.png","width":385,"height":362,"caption":"Zilele Culturale Maghiare"},"image":{"@id":"https:\/\/magyarnapok.ro\/2024\/ro\/#\/schema\/logo\/image\/"},"sameAs":["https:\/\/www.facebook.com\/zilelemaghiarecluj"]}]}},"_links":{"self":[{"href":"https:\/\/magyarnapok.ro\/2024\/ro\/wp-json\/wp\/v2\/pages\/1324","targetHints":{"allow":["GET"]}}],"collection":[{"href":"https:\/\/magyarnapok.ro\/2024\/ro\/wp-json\/wp\/v2\/pages"}],"about":[{"href":"https:\/\/magyarnapok.ro\/2024\/ro\/wp-json\/wp\/v2\/types\/page"}],"author":[{"embeddable":true,"href":"https:\/\/magyarnapok.ro\/2024\/ro\/wp-json\/wp\/v2\/users\/1"}],"replies":[{"embeddable":true,"href":"https:\/\/magyarnapok.ro\/2024\/ro\/wp-json\/wp\/v2\/comments?post=1324"}],"version-history":[{"count":4,"href":"https:\/\/magyarnapok.ro\/2024\/ro\/wp-json\/wp\/v2\/pages\/1324\/revisions"}],"predecessor-version":[{"id":2694,"href":"https:\/\/magyarnapok.ro\/2024\/ro\/wp-json\/wp\/v2\/pages\/1324\/revisions\/2694"}],"wp:attachment":[{"href":"https:\/\/magyarnapok.ro\/2024\/ro\/wp-json\/wp\/v2\/media?parent=1324"}],"curies":[{"name":"wp","href":"https:\/\/api.w.org\/{rel}","templated":true}]}}