{"id":1398,"date":"2024-07-17T01:07:43","date_gmt":"2024-07-16T22:07:43","guid":{"rendered":"https:\/\/zilelemaghiare.ro\/?page_id=1398"},"modified":"2024-08-13T09:56:47","modified_gmt":"2024-08-13T06:56:47","slug":"despre-zilele-culturale-maghiare","status":"publish","type":"page","link":"https:\/\/magyarnapok.ro\/2024\/ro\/despre-zilele-culturale-maghiare\/","title":{"rendered":"Despre Zilele Culturale Maghiare"},"content":{"rendered":"\n<p>Cel mai mare festival cultural din Transilvania, Zilele Culturii Maghiare din Cluj nu este doar un \u0219ir de evenimente atractive vizitate de un public tot mai numeros, ci este \u0219i o trecere \u00een revist\u0103 a vie\u021bii culturale maghiare din Transilvania \u0219i Bazinul Carpatic.<\/p>\n\n\n\n<p>Este un adev\u0103rat maraton cultural, ce con\u021bine sute de evenimente care au loc \u00eentr-o multitudine de spa\u021bii de festival dedicate. Vizitatorii festivalului vor avea ocazia s\u0103 vad\u0103 multe bog\u0103\u021bii culturale rareori accesibile, s\u0103 se \u00eent\u00e2lneasc\u0103 cu vechi cuno\u0219tin\u021be sau s\u0103 participe la evenimente dintre cele mai variate, pe parcursul \u00eentregului festival. Varietatea evenimentelor dovede\u0219te \u00een mod repetat, de la an la an, vitalitatea comunit\u0103\u021bii noastre creatoare de valori.<\/p>\n\n\n\n<p>Noi, membrii Asocia\u021biei Clujul Comoar\u0103, credem c\u0103 munca pe care o desf\u0103\u0219ur\u0103m nu aduce doar o pat\u0103 de culoare ofertei de evenimente din perioada estival\u0103, ci reprezint\u0103 \u0219i o ocazie unic\u0103 de a prezenta rom\u00e2nilor al\u0103turi de care tr\u0103im cultura, obiceiurile particulare \u0219i tradi\u021biile noastre. Cunoa\u0219terea reciproc\u0103 este fundamentul convie\u021buirii armonioase. Aceasta este convingerea noastr\u0103. Dac\u0103, dincolo de toate acestea, putem prezenta Clujul \u00een diversitatea sa, sco\u021b\u00e2nd \u00een eviden\u021b\u0103 dezvoltarea promi\u021b\u0103toare a unui ora\u0219 dinamic, cl\u0103dit pe funda\u021bia stabil\u0103 a tradi\u021biilor istorice, visul nostru comun va deveni realitate, iar tinerii urbei vor r\u0103m\u00e2ne acas\u0103, \u00een ora\u0219ul nostru comoar\u0103, \u00ee\u0219i vor \u00eentemeia familii \u0219i vor contribui la dezvoltarea comunit\u0103\u021bii.<\/p>\n\n\n\n<p>\u00cen cei 14 ani de existen\u021b\u0103, Zilele Culturale Maghiare din Cluj au oferit un model demn de urmat de alte comunit\u0103\u021bi maghiare din Transilvania. Astfel, tot mai multe ora\u0219e din Transilvania au \u00eenceput s\u0103 organizeze festivaluri \u0219i evenimente dedicate culturii maghiare. Toate acestea arat\u0103 c\u00e2t se poate de clar c\u0103 ini\u021biativa noastr\u0103 a venit, acum zece ani, \u00een \u00eent\u00e2mpinarea unei nevoi culturale reale.<\/p>\n\n\n\n<p>Oferta festivalului cre\u0219te \u0219i se diversific\u0103 de la an la an, asigur\u00e2nd programe de divertisment de calitate, pentru toate v\u00e2rstele. Timp de mai bine de o s\u0103pt\u0103m\u00e2n\u0103, suntem prezen\u021bi \u00een via\u021ba urbei, integr\u0103m spa\u021biile ora\u0219ului \u00een circuitul evenimentelor noastre, deschidem por\u021bile institu\u021biilor noastre, \u00eensufle\u021bim locuri mai retrase \u0219i mai pu\u021bin frecventate, dar, f\u0103r\u0103 \u00eendoial\u0103, impregnate de specificul spiritului clujean, spa\u021bii f\u0103r\u0103 de care festivalul nu ar fi ceea ce ne dorim s\u0103 fie: o celebrare a ora\u0219ului \u0219i a locuitorilor s\u0103i.<\/p>\n\n\n\n<p>V\u0103 a\u0219tept\u0103m \u00een fiecare an cu bucurie la s\u0103rb\u0103toarea noastr\u0103 comun\u0103!&nbsp;S\u0103 ne vedem cu bine!<\/p>\n","protected":false},"excerpt":{"rendered":"<p>Cel mai mare festival cultural din Transilvania, Zilele Culturii Maghiare din Cluj nu este doar un \u0219ir de evenimente atractive vizitate de un public tot mai numeros, ci este \u0219i o trecere \u00een revist\u0103 a vie\u021bii culturale maghiare din Transilvania \u0219i Bazinul Carpatic. Este un adev\u0103rat maraton cultural, ce con\u021bine sute de evenimente care au [&hellip;]<\/p>\n","protected":false},"author":1,"featured_media":0,"parent":0,"menu_order":0,"comment_status":"closed","ping_status":"closed","template":"","meta":{"_acf_changed":false,"footnotes":""},"class_list":["post-1398","page","type-page","status-publish","hentry"],"acf":[],"yoast_head":"<!-- This site is optimized with the Yoast SEO plugin v23.1 - https:\/\/yoast.com\/wordpress\/plugins\/seo\/ -->\n<title>Despre Zilele Culturale Maghiare - Zilele Culturale Maghiare din Cluj 2024<\/title>\n<meta name=\"robots\" content=\"index, follow, max-snippet:-1, max-image-preview:large, max-video-preview:-1\" \/>\n<link rel=\"canonical\" href=\"https:\/\/magyarnapok.ro\/2024\/ro\/despre-zilele-culturale-maghiare\/\" \/>\n<meta property=\"og:locale\" content=\"ro_RO\" \/>\n<meta property=\"og:type\" content=\"article\" \/>\n<meta property=\"og:title\" content=\"Despre Zilele Culturale Maghiare - Zilele Culturale Maghiare din Cluj 2024\" \/>\n<meta property=\"og:description\" content=\"Cel mai mare festival cultural din Transilvania, Zilele Culturii Maghiare din Cluj nu este doar un \u0219ir de evenimente atractive vizitate de un public tot mai numeros, ci este \u0219i o trecere \u00een revist\u0103 a vie\u021bii culturale maghiare din Transilvania \u0219i Bazinul Carpatic. Este un adev\u0103rat maraton cultural, ce con\u021bine sute de evenimente care au [&hellip;]\" \/>\n<meta property=\"og:url\" content=\"https:\/\/magyarnapok.ro\/2024\/ro\/despre-zilele-culturale-maghiare\/\" \/>\n<meta property=\"og:site_name\" content=\"Zilele Culturale Maghiare din Cluj 2024\" \/>\n<meta property=\"article:publisher\" content=\"https:\/\/www.facebook.com\/zilelemaghiarecluj\" \/>\n<meta property=\"article:modified_time\" content=\"2024-08-13T06:56:47+00:00\" \/>\n<meta property=\"og:image\" content=\"https:\/\/magyarnapok.ro\/2024\/ro\/wp-content\/uploads\/2024\/08\/KMN2024-www-intro-ro-02-1.jpg\" \/>\n\t<meta property=\"og:image:width\" content=\"1928\" \/>\n\t<meta property=\"og:image:height\" content=\"1079\" \/>\n\t<meta property=\"og:image:type\" content=\"image\/jpeg\" \/>\n<meta name=\"twitter:card\" content=\"summary_large_image\" \/>\n<meta name=\"twitter:label1\" content=\"Timp estimat pentru citire\" \/>\n\t<meta name=\"twitter:data1\" content=\"3 minute\" \/>\n<script type=\"application\/ld+json\" class=\"yoast-schema-graph\">{\"@context\":\"https:\/\/schema.org\",\"@graph\":[{\"@type\":\"WebPage\",\"@id\":\"https:\/\/magyarnapok.ro\/2024\/ro\/despre-zilele-culturale-maghiare\/\",\"url\":\"https:\/\/magyarnapok.ro\/2024\/ro\/despre-zilele-culturale-maghiare\/\",\"name\":\"Despre Zilele Culturale Maghiare - Zilele Culturale Maghiare din Cluj 2024\",\"isPartOf\":{\"@id\":\"https:\/\/magyarnapok.ro\/2024\/ro\/#website\"},\"datePublished\":\"2024-07-16T22:07:43+00:00\",\"dateModified\":\"2024-08-13T06:56:47+00:00\",\"breadcrumb\":{\"@id\":\"https:\/\/magyarnapok.ro\/2024\/ro\/despre-zilele-culturale-maghiare\/#breadcrumb\"},\"inLanguage\":\"ro-RO\",\"potentialAction\":[{\"@type\":\"ReadAction\",\"target\":[\"https:\/\/magyarnapok.ro\/2024\/ro\/despre-zilele-culturale-maghiare\/\"]}]},{\"@type\":\"BreadcrumbList\",\"@id\":\"https:\/\/magyarnapok.ro\/2024\/ro\/despre-zilele-culturale-maghiare\/#breadcrumb\",\"itemListElement\":[{\"@type\":\"ListItem\",\"position\":1,\"name\":\"Home\",\"item\":\"https:\/\/magyarnapok.ro\/2024\/ro\/\"},{\"@type\":\"ListItem\",\"position\":2,\"name\":\"Despre Zilele Culturale Maghiare\"}]},{\"@type\":\"WebSite\",\"@id\":\"https:\/\/magyarnapok.ro\/2024\/ro\/#website\",\"url\":\"https:\/\/magyarnapok.ro\/2024\/ro\/\",\"name\":\"Zilele Culturale Maghiare din Cluj 2024\",\"description\":\"Edi\u021bia a 15-a\",\"publisher\":{\"@id\":\"https:\/\/magyarnapok.ro\/2024\/ro\/#organization\"},\"potentialAction\":[{\"@type\":\"SearchAction\",\"target\":{\"@type\":\"EntryPoint\",\"urlTemplate\":\"https:\/\/magyarnapok.ro\/2024\/ro\/?s={search_term_string}\"},\"query-input\":\"required name=search_term_string\"}],\"inLanguage\":\"ro-RO\"},{\"@type\":\"Organization\",\"@id\":\"https:\/\/magyarnapok.ro\/2024\/ro\/#organization\",\"name\":\"Zilele Culturale Maghiare\",\"url\":\"https:\/\/magyarnapok.ro\/2024\/ro\/\",\"logo\":{\"@type\":\"ImageObject\",\"inLanguage\":\"ro-RO\",\"@id\":\"https:\/\/magyarnapok.ro\/2024\/ro\/#\/schema\/logo\/image\/\",\"url\":\"https:\/\/zilelemaghiare.ro\/wp-content\/uploads\/2024\/04\/kmn_15_logo.png\",\"contentUrl\":\"https:\/\/zilelemaghiare.ro\/wp-content\/uploads\/2024\/04\/kmn_15_logo.png\",\"width\":385,\"height\":362,\"caption\":\"Zilele Culturale Maghiare\"},\"image\":{\"@id\":\"https:\/\/magyarnapok.ro\/2024\/ro\/#\/schema\/logo\/image\/\"},\"sameAs\":[\"https:\/\/www.facebook.com\/zilelemaghiarecluj\"]}]}<\/script>\n<!-- \/ Yoast SEO plugin. -->","yoast_head_json":{"title":"Despre Zilele Culturale Maghiare - Zilele Culturale Maghiare din Cluj 2024","robots":{"index":"index","follow":"follow","max-snippet":"max-snippet:-1","max-image-preview":"max-image-preview:large","max-video-preview":"max-video-preview:-1"},"canonical":"https:\/\/magyarnapok.ro\/2024\/ro\/despre-zilele-culturale-maghiare\/","og_locale":"ro_RO","og_type":"article","og_title":"Despre Zilele Culturale Maghiare - Zilele Culturale Maghiare din Cluj 2024","og_description":"Cel mai mare festival cultural din Transilvania, Zilele Culturii Maghiare din Cluj nu este doar un \u0219ir de evenimente atractive vizitate de un public tot mai numeros, ci este \u0219i o trecere \u00een revist\u0103 a vie\u021bii culturale maghiare din Transilvania \u0219i Bazinul Carpatic. Este un adev\u0103rat maraton cultural, ce con\u021bine sute de evenimente care au [&hellip;]","og_url":"https:\/\/magyarnapok.ro\/2024\/ro\/despre-zilele-culturale-maghiare\/","og_site_name":"Zilele Culturale Maghiare din Cluj 2024","article_publisher":"https:\/\/www.facebook.com\/zilelemaghiarecluj","article_modified_time":"2024-08-13T06:56:47+00:00","og_image":[{"width":1928,"height":1079,"url":"https:\/\/magyarnapok.ro\/2024\/ro\/wp-content\/uploads\/2024\/08\/KMN2024-www-intro-ro-02-1.jpg","type":"image\/jpeg"}],"twitter_card":"summary_large_image","twitter_misc":{"Timp estimat pentru citire":"3 minute"},"schema":{"@context":"https:\/\/schema.org","@graph":[{"@type":"WebPage","@id":"https:\/\/magyarnapok.ro\/2024\/ro\/despre-zilele-culturale-maghiare\/","url":"https:\/\/magyarnapok.ro\/2024\/ro\/despre-zilele-culturale-maghiare\/","name":"Despre Zilele Culturale Maghiare - Zilele Culturale Maghiare din Cluj 2024","isPartOf":{"@id":"https:\/\/magyarnapok.ro\/2024\/ro\/#website"},"datePublished":"2024-07-16T22:07:43+00:00","dateModified":"2024-08-13T06:56:47+00:00","breadcrumb":{"@id":"https:\/\/magyarnapok.ro\/2024\/ro\/despre-zilele-culturale-maghiare\/#breadcrumb"},"inLanguage":"ro-RO","potentialAction":[{"@type":"ReadAction","target":["https:\/\/magyarnapok.ro\/2024\/ro\/despre-zilele-culturale-maghiare\/"]}]},{"@type":"BreadcrumbList","@id":"https:\/\/magyarnapok.ro\/2024\/ro\/despre-zilele-culturale-maghiare\/#breadcrumb","itemListElement":[{"@type":"ListItem","position":1,"name":"Home","item":"https:\/\/magyarnapok.ro\/2024\/ro\/"},{"@type":"ListItem","position":2,"name":"Despre Zilele Culturale Maghiare"}]},{"@type":"WebSite","@id":"https:\/\/magyarnapok.ro\/2024\/ro\/#website","url":"https:\/\/magyarnapok.ro\/2024\/ro\/","name":"Zilele Culturale Maghiare din Cluj 2024","description":"Edi\u021bia a 15-a","publisher":{"@id":"https:\/\/magyarnapok.ro\/2024\/ro\/#organization"},"potentialAction":[{"@type":"SearchAction","target":{"@type":"EntryPoint","urlTemplate":"https:\/\/magyarnapok.ro\/2024\/ro\/?s={search_term_string}"},"query-input":"required name=search_term_string"}],"inLanguage":"ro-RO"},{"@type":"Organization","@id":"https:\/\/magyarnapok.ro\/2024\/ro\/#organization","name":"Zilele Culturale Maghiare","url":"https:\/\/magyarnapok.ro\/2024\/ro\/","logo":{"@type":"ImageObject","inLanguage":"ro-RO","@id":"https:\/\/magyarnapok.ro\/2024\/ro\/#\/schema\/logo\/image\/","url":"https:\/\/zilelemaghiare.ro\/wp-content\/uploads\/2024\/04\/kmn_15_logo.png","contentUrl":"https:\/\/zilelemaghiare.ro\/wp-content\/uploads\/2024\/04\/kmn_15_logo.png","width":385,"height":362,"caption":"Zilele Culturale Maghiare"},"image":{"@id":"https:\/\/magyarnapok.ro\/2024\/ro\/#\/schema\/logo\/image\/"},"sameAs":["https:\/\/www.facebook.com\/zilelemaghiarecluj"]}]}},"_links":{"self":[{"href":"https:\/\/magyarnapok.ro\/2024\/ro\/wp-json\/wp\/v2\/pages\/1398","targetHints":{"allow":["GET"]}}],"collection":[{"href":"https:\/\/magyarnapok.ro\/2024\/ro\/wp-json\/wp\/v2\/pages"}],"about":[{"href":"https:\/\/magyarnapok.ro\/2024\/ro\/wp-json\/wp\/v2\/types\/page"}],"author":[{"embeddable":true,"href":"https:\/\/magyarnapok.ro\/2024\/ro\/wp-json\/wp\/v2\/users\/1"}],"replies":[{"embeddable":true,"href":"https:\/\/magyarnapok.ro\/2024\/ro\/wp-json\/wp\/v2\/comments?post=1398"}],"version-history":[{"count":5,"href":"https:\/\/magyarnapok.ro\/2024\/ro\/wp-json\/wp\/v2\/pages\/1398\/revisions"}],"predecessor-version":[{"id":2693,"href":"https:\/\/magyarnapok.ro\/2024\/ro\/wp-json\/wp\/v2\/pages\/1398\/revisions\/2693"}],"wp:attachment":[{"href":"https:\/\/magyarnapok.ro\/2024\/ro\/wp-json\/wp\/v2\/media?parent=1398"}],"curies":[{"name":"wp","href":"https:\/\/api.w.org\/{rel}","templated":true}]}}