{"id":1312,"date":"2024-07-01T23:55:42","date_gmt":"2024-07-01T20:55:42","guid":{"rendered":"http:\/\/magyarnapok.ro\/2024\/?page_id=1312"},"modified":"2024-07-17T01:06:26","modified_gmt":"2024-07-16T22:06:26","slug":"a-kincses-kolozsvar-egyesuletrol","status":"publish","type":"page","link":"https:\/\/magyarnapok.ro\/2024\/a-kincses-kolozsvar-egyesuletrol\/","title":{"rendered":"A Kincses Kolozsv\u00e1r Egyes\u00fcletr\u0151l"},"content":{"rendered":"\n<div class=\"wp-block-columns is-layout-flex wp-container-core-columns-is-layout-9d6595d7 wp-block-columns-is-layout-flex\">\n<div class=\"wp-block-column is-layout-flow wp-block-column-is-layout-flow\" style=\"flex-basis:20%\">\n<figure class=\"wp-block-image size-full\"><img loading=\"lazy\" decoding=\"async\" width=\"401\" height=\"432\" src=\"https:\/\/magyarnapok.ro\/2024\/wp-content\/uploads\/2024\/07\/KMN_logo-e1624625879897-1.jpg\" alt=\"\" class=\"wp-image-1318\" srcset=\"https:\/\/magyarnapok.ro\/2024\/wp-content\/uploads\/2024\/07\/KMN_logo-e1624625879897-1.jpg 401w, https:\/\/magyarnapok.ro\/2024\/wp-content\/uploads\/2024\/07\/KMN_logo-e1624625879897-1-278x300.jpg 278w\" sizes=\"auto, (max-width: 401px) 100vw, 401px\" \/><\/figure>\n<\/div>\n\n\n\n<div class=\"wp-block-column is-layout-flow wp-block-column-is-layout-flow\" style=\"flex-basis:80%\">\n<p class=\"has-medium-font-size\">A Kincses Kolozsv\u00e1r Egyes\u00fclet a Kolozsv\u00e1ron m\u0171k\u00f6d\u0151 civil, egyh\u00e1zi, oktat\u00e1si \u00e9s politikai int\u00e9zm\u00e9nyek k\u00f6z\u00f6tti legsz\u00e9lesebb k\u00f6r\u0171 \u00f6sszefog\u00e1s szorgalmaz\u00f3ja. Bejegyz\u00e9s\u00e9t 2010 tavasz\u00e1n kezdem\u00e9nyezt\u00e9k az alap\u00edt\u00f3k, els\u0151dleges c\u00e9lk\u00e9nt t\u0171zve ki egy sokak sz\u00e1m\u00e1ra lehetetlennek t\u0171n\u0151 \u00e1lom megval\u00f3s\u00edt\u00e1s\u00e1t: egy olyan k\u00f6ztereken zajl\u00f3, \u00e9vr\u0151l \u00e9vre visszat\u00e9r\u0151 egyhetes rendezv\u00e9nysorozat k\u00f6z\u00f6s megszervez\u00e9s\u00e9t, mely m\u00e9lt\u00e1n t\u00fckr\u00f6zi a kolozsv\u00e1ri magyars\u00e1g szellemis\u00e9g\u00e9t. \u00cdgy sz\u00fcletett meg a Kolozsv\u00e1ri Magyar Napok \u00f6tlete.<\/p>\n\n\n\n<p class=\"has-medium-font-size\">K\u00f6ztudott, hogy Erd\u00e9ly f\u0151v\u00e1ros\u00e1t \u2013 az itt \u00e9l\u0151 \u00f6tven-hatvan ezres \u0151shonos magyar k\u00f6z\u00f6ss\u00e9ggel egyetemben \u2013 t\u00f6bb mint f\u00e9l \u00e9vsz\u00e1zadra kalod\u00e1ba z\u00e1rta a t\u00f6rt\u00e9nelem. A \u201efel nem adhat\u00f3nak\u201d mondott Kolozsv\u00e1ron a negyven \u00e9ven \u00e1t tart\u00f3 kommunista diktat\u00far\u00e1t egy k\u00f6zel m\u00e1sf\u00e9l \u00e9vtizedes r\u00e1ad\u00e1s k\u00f6vette, mely id\u0151szakban a nacionalista v\u00e1rosvezet\u00e9s nyom\u00e1sa alatt a magyar k\u00f6z\u00f6ss\u00e9g egyre ink\u00e1bb sz\u00e9tzil\u00e1l\u00f3dott.<\/p>\n<\/div>\n<\/div>\n\n\n\n<p class=\"has-medium-font-size\">\u201eAz id\u0151k t\u00e1vlat\u00e1b\u00f3l visszatekintve tal\u00e1n nem t\u0171nik t\u00falz\u00e1snak, hogy a kolozsv\u00e1ri magyars\u00e1g a Kincses Kolozsv\u00e1r Egyes\u00fclet \u00e1ltal szervezett rendezv\u00e9nysorozat keret\u00e9ben fedezte fel \u00fajra \u00f6nmag\u00e1t, \u00e9s a magyar emberek hat \u00e9vtized ut\u00e1n \u2013 t\u00e1rsadalmi, vall\u00e1si, politikai hovatartoz\u00e1st\u00f3l f\u00fcggetlen\u00fcl \u2013 a Kolozsv\u00e1ri Magyar Napok alatt r\u00e9szes\u00fclhetnek ism\u00e9t abban az egyed\u00fcl\u00e1ll\u00f3 \u00e9lm\u00e9nyben, amelyre m\u00e1r csak az id\u0151sek eml\u00e9kezhettek: meg\u00e9lni a teljes k\u00f6z\u00f6ss\u00e9g \u00f6sszetartoz\u00e1s\u00e1nak \u00f6r\u00f6m\u00e9t. A k\u00f6z\u00f6s \u00e9lm\u00e9ny egy eg\u00e9sz \u00e9ven \u00e1t tart\u00e1st \u00e9s \u00f6nbizalmat ad az embereknek\u201d \u2013 fogalmaz Gergely Bal\u00e1zs eln\u00f6k a Kincses Kolozsv\u00e1r Egyes\u00fclet k\u00fcldet\u00e9s\u00e9r\u0151l.<\/p>\n\n\n\n<p class=\"has-medium-font-size\">Az egyes\u00fclet \u00e1ltal megteremtett \u00f6sszefog\u00e1s imm\u00e1r t\u00falmutat a Kolozsv\u00e1ri Magyar Napokon, hiszen m\u00e1s esem\u00e9nyekre \u00e9s alkalmakra is kiterjed: \u00e9vk\u00f6zben akt\u00edv szerepet v\u00e1llal a kolozsv\u00e1ri magyar k\u00f6z\u00f6ss\u00e9g \u00e9let\u00e9ben, k\u00fcl\u00f6n\u00f6sen a hagyom\u00e1ny\u00e1pol\u00e1s \u00e9s helyi magyar m\u00falt feled\u00e9sbe mer\u00fcl\u0151 t\u00f6rt\u00e9neteinek, szerepl\u0151inek, \u00e9rt\u00e9keinek tov\u00e1bb\u00e9ltet\u00e9se tekintet\u00e9ben. K\u00fcl\u00f6nb\u00f6z\u0151 kiadv\u00e1nyok publik\u00e1ci\u00f3j\u00e1val foglalkozik (legkiemelked\u0151bb fontoss\u00e1g\u00fa az \u00e9vente kiadott Kincses Kolozsv\u00e1r Kalend\u00e1rium, a Gaal Gy\u00f6rgy: Kolozsv\u00e1r a sz\u00e1zadok sodr\u00e1ban. V\u00e1rost\u00f6rt\u00e9neti kronol\u00f3gia c\u00edm\u0171 k\u00f6tet, illetve a 2017-ben, a Szent L\u00e1szl\u00f3- \u00e9s Arany J\u00e1nos- kett\u0151s eml\u00e9k\u00e9v alkalm\u00e1val megjelentetett Szent L\u00e1szl\u00f3 legenda c\u00edm\u0171 DVD), koncerteket \u00e9s kultur\u00e1lis esem\u00e9nyeket rendez, \u00e9s els\u0151 alkalomt\u00f3l kezd\u0151d\u0151en t\u00e1rsszervez\u0151je a gyalui V\u00e1rkert Fesztiv\u00e1lnak. 2013-ban els\u0151 alkalommal, k\u00eds\u00e9rleti jelleggel bonyol\u00edtotta le a Kalotaszegi Magyar Napokat, 2015-ben a Kolozsv\u00e1ri Magyar Napok t\u00e9li kiad\u00e1s\u00e1t, majd 2016-ban pedig huszonk\u00e9t szervezet rendezv\u00e9nyeit koordin\u00e1lva csatlakozott az 1956-os \u00fcnneps\u00e9gsorozattal a magyar korm\u00e1ny \u00e1ltal meghirdetett Magyar Szabads\u00e1g \u00c9v\u00e9hez.<\/p>\n\n\n\n<p class=\"has-medium-font-size\">A Kincses Kolozsv\u00e1r Egyes\u00fclet az \u00e9vek folyam\u00e1n sz\u00e1mos j\u00f3t\u00e9konys\u00e1gi akci\u00f3t kezdem\u00e9nyezett t\u00f6bbek k\u00f6z\u00f6tt a k\u00e1rp\u00e1taljai magyar oktat\u00e1s, a magyarlap\u00e1di sz\u00f3rv\u00e1nykoll\u00e9gium vagy a saj\u00e1tos nevel\u00e9si ig\u00e9ny\u0171 szem\u00e9lyek \u00fcgy\u00e9t felkarol\u00f3 \u00c9n is szeretn\u00e9k j\u00e1tszani! elnevez\u00e9s\u0171 k\u00f6z\u00f6ss\u00e9gi projekt jav\u00e1ra. Az egyes\u00fclet 2012-ben M\u00e9dia Kiv\u00e1l\u00f3s\u00e1gi D\u00edjban r\u00e9szes\u00fclt, 2014-ben elnyerte az Opera B\u00e1lon kiosztott Kolozsv\u00e1r Embl\u00e9ma kit\u00fcntet\u00e9st, m\u00edg 2016-ban a Magyar Term\u00e9k Nagyd\u00edj p\u00e1ly\u00e1zat\u00e1n megkapta a K\u00e1rp\u00e1t-medenc\u00e9\u00e9rt N\u00edv\u00f3d\u00edj\u00e1t is. 2019-ben, a Kolozsv\u00e1ri Magyar Napok jubileumi kiad\u00e1s\u00e1n, augusztus 20-i nemzeti \u00fcnnep\u00fcnk\u00f6n Guly\u00e1s Gergely, Minisztereln\u00f6ks\u00e9get vezet\u0151 miniszter, a Kall\u00f3s Zolt\u00e1n K\u00fclhoni Magyars\u00e1g\u00e9rt D\u00edjat adta \u00e1t a Kincses Kolozsv\u00e1r Egyes\u00fcletnek, majd kijelentette: a Kolozsv\u00e1ri Magyar Napok a hat\u00e1ron t\u00fali magyars\u00e1g egyik legnagyszer\u0171bb \u00e9s legsz\u00ednvonalasabb rendezv\u00e9nye, mely j\u00f3 p\u00e9ld\u00e1val szolg\u00e1lt m\u00e1st kezdem\u00e9nyez\u00e9sek sz\u00e1m\u00e1ra is \u2013 utalva arra, hogy az elm\u00falt \u00e9vek sor\u00e1n Erd\u00e9ly sz\u00e1mos m\u00e1s v\u00e1ros\u00e1ban is megszervezik \u2013 a Kolozsv\u00e1ri Magyar Napok p\u00e9ld\u00e1j\u00e1ra \u2013 a helyi Magyar Napokat.<\/p>\n\n\n\n<p class=\"has-medium-font-size\" style=\"font-style:normal;font-weight:700\">A Kincses Kolozsv\u00e1r Egyes\u00fclet alap\u00edt\u00f3 tagjai:<\/p>\n\n\n\n<ul class=\"has-medium-font-size wp-block-list\">\n<li>Gergely Bal\u00e1zs, az egyes\u00fclet eln\u00f6ke, r\u00e9g\u00e9sz, t\u00f6rt\u00e9n\u00e9sz<\/li>\n<\/ul>\n\n\n\n<ul class=\"has-medium-font-size wp-block-list\">\n<li>Fekete Em\u0151ke, jog\u00e1sz<\/li>\n<\/ul>\n\n\n\n<ul class=\"has-medium-font-size wp-block-list\">\n<li>\u2020 K\u00f6t\u0151 J\u00f3zsef, erd\u00e9lyi dramaturg, sz\u00ednh\u00e1zt\u00f6rt\u00e9n\u00e9sz<\/li>\n<\/ul>\n\n\n\n<ul class=\"has-medium-font-size wp-block-list\">\n<li>Sz\u00e9p Gyula, zenetan\u00e1r, a Kolozsv\u00e1ri Magyar Opera igazgat\u00f3ja<\/li>\n<\/ul>\n\n\n\n<ul class=\"has-medium-font-size wp-block-list\">\n<li>Csigi Levente, k\u00f6zgazd\u00e1sz<\/li>\n<\/ul>\n\n\n\n<ul class=\"has-medium-font-size wp-block-list\">\n<li>Vadas L\u00e1szl\u00f3, rendez\u0151<\/li>\n<\/ul>\n\n\n\n<ul class=\"has-medium-font-size wp-block-list\">\n<li>Sz\u00e9kely Istv\u00e1n, politol\u00f3gus, a Jakabffy Elem\u00e9r Alap\u00edtv\u00e1ny eln\u00f6ke<\/li>\n<\/ul>\n","protected":false},"excerpt":{"rendered":"<p>A Kincses Kolozsv\u00e1r Egyes\u00fclet a Kolozsv\u00e1ron m\u0171k\u00f6d\u0151 civil, egyh\u00e1zi, oktat\u00e1si \u00e9s politikai int\u00e9zm\u00e9nyek k\u00f6z\u00f6tti legsz\u00e9lesebb k\u00f6r\u0171 \u00f6sszefog\u00e1s szorgalmaz\u00f3ja. Bejegyz\u00e9s\u00e9t 2010 tavasz\u00e1n kezdem\u00e9nyezt\u00e9k az alap\u00edt\u00f3k, els\u0151dleges c\u00e9lk\u00e9nt t\u0171zve ki egy sokak sz\u00e1m\u00e1ra lehetetlennek t\u0171n\u0151 \u00e1lom megval\u00f3s\u00edt\u00e1s\u00e1t: egy olyan k\u00f6ztereken zajl\u00f3, \u00e9vr\u0151l \u00e9vre visszat\u00e9r\u0151 egyhetes rendezv\u00e9nysorozat k\u00f6z\u00f6s megszervez\u00e9s\u00e9t, mely m\u00e9lt\u00e1n t\u00fckr\u00f6zi a kolozsv\u00e1ri magyars\u00e1g szellemis\u00e9g\u00e9t. \u00cdgy sz\u00fcletett [&hellip;]<\/p>\n","protected":false},"author":1,"featured_media":0,"parent":0,"menu_order":0,"comment_status":"closed","ping_status":"closed","template":"","meta":{"_acf_changed":false,"footnotes":""},"class_list":["post-1312","page","type-page","status-publish","hentry"],"acf":[],"yoast_head":"<!-- This site is optimized with the Yoast SEO plugin v23.0 - https:\/\/yoast.com\/wordpress\/plugins\/seo\/ -->\n<title>A Kincses Kolozsv\u00e1r Egyes\u00fcletr\u0151l - Kolozsv\u00e1ri Magyar Napok 2024<\/title>\n<meta name=\"robots\" content=\"index, follow, max-snippet:-1, max-image-preview:large, max-video-preview:-1\" \/>\n<link rel=\"canonical\" href=\"https:\/\/magyarnapok.ro\/2024\/a-kincses-kolozsvar-egyesuletrol\/\" \/>\n<meta property=\"og:locale\" content=\"hu_HU\" \/>\n<meta property=\"og:type\" content=\"article\" \/>\n<meta property=\"og:title\" content=\"A Kincses Kolozsv\u00e1r Egyes\u00fcletr\u0151l - Kolozsv\u00e1ri Magyar Napok 2024\" \/>\n<meta property=\"og:description\" content=\"A Kincses Kolozsv\u00e1r Egyes\u00fclet a Kolozsv\u00e1ron m\u0171k\u00f6d\u0151 civil, egyh\u00e1zi, oktat\u00e1si \u00e9s politikai int\u00e9zm\u00e9nyek k\u00f6z\u00f6tti legsz\u00e9lesebb k\u00f6r\u0171 \u00f6sszefog\u00e1s szorgalmaz\u00f3ja. Bejegyz\u00e9s\u00e9t 2010 tavasz\u00e1n kezdem\u00e9nyezt\u00e9k az alap\u00edt\u00f3k, els\u0151dleges c\u00e9lk\u00e9nt t\u0171zve ki egy sokak sz\u00e1m\u00e1ra lehetetlennek t\u0171n\u0151 \u00e1lom megval\u00f3s\u00edt\u00e1s\u00e1t: egy olyan k\u00f6ztereken zajl\u00f3, \u00e9vr\u0151l \u00e9vre visszat\u00e9r\u0151 egyhetes rendezv\u00e9nysorozat k\u00f6z\u00f6s megszervez\u00e9s\u00e9t, mely m\u00e9lt\u00e1n t\u00fckr\u00f6zi a kolozsv\u00e1ri magyars\u00e1g szellemis\u00e9g\u00e9t. \u00cdgy sz\u00fcletett [&hellip;]\" \/>\n<meta property=\"og:url\" content=\"https:\/\/magyarnapok.ro\/2024\/a-kincses-kolozsvar-egyesuletrol\/\" \/>\n<meta property=\"og:site_name\" content=\"Kolozsv\u00e1ri Magyar Napok 2024\" \/>\n<meta property=\"article:publisher\" content=\"https:\/\/www.facebook.com\/magyarnapok\" \/>\n<meta property=\"article:modified_time\" content=\"2024-07-16T22:06:26+00:00\" \/>\n<meta property=\"og:image\" content=\"http:\/\/magyarnapok.ro\/2024\/wp-content\/uploads\/2024\/07\/KMN_logo-e1624625879897-1.jpg\" \/>\n<meta name=\"twitter:card\" content=\"summary_large_image\" \/>\n<meta name=\"twitter:label1\" content=\"Becs\u00fclt olvas\u00e1si id\u0151\" \/>\n\t<meta name=\"twitter:data1\" content=\"4 perc\" \/>\n<script type=\"application\/ld+json\" class=\"yoast-schema-graph\">{\"@context\":\"https:\/\/schema.org\",\"@graph\":[{\"@type\":\"WebPage\",\"@id\":\"https:\/\/magyarnapok.ro\/2024\/a-kincses-kolozsvar-egyesuletrol\/\",\"url\":\"https:\/\/magyarnapok.ro\/2024\/a-kincses-kolozsvar-egyesuletrol\/\",\"name\":\"A Kincses Kolozsv\u00e1r Egyes\u00fcletr\u0151l - Kolozsv\u00e1ri Magyar Napok 2024\",\"isPartOf\":{\"@id\":\"https:\/\/magyarnapok.ro\/2024\/#website\"},\"primaryImageOfPage\":{\"@id\":\"https:\/\/magyarnapok.ro\/2024\/a-kincses-kolozsvar-egyesuletrol\/#primaryimage\"},\"image\":{\"@id\":\"https:\/\/magyarnapok.ro\/2024\/a-kincses-kolozsvar-egyesuletrol\/#primaryimage\"},\"thumbnailUrl\":\"http:\/\/magyarnapok.ro\/2024\/wp-content\/uploads\/2024\/07\/KMN_logo-e1624625879897-1.jpg\",\"datePublished\":\"2024-07-01T20:55:42+00:00\",\"dateModified\":\"2024-07-16T22:06:26+00:00\",\"breadcrumb\":{\"@id\":\"https:\/\/magyarnapok.ro\/2024\/a-kincses-kolozsvar-egyesuletrol\/#breadcrumb\"},\"inLanguage\":\"hu\",\"potentialAction\":[{\"@type\":\"ReadAction\",\"target\":[\"https:\/\/magyarnapok.ro\/2024\/a-kincses-kolozsvar-egyesuletrol\/\"]}]},{\"@type\":\"ImageObject\",\"inLanguage\":\"hu\",\"@id\":\"https:\/\/magyarnapok.ro\/2024\/a-kincses-kolozsvar-egyesuletrol\/#primaryimage\",\"url\":\"http:\/\/magyarnapok.ro\/2024\/wp-content\/uploads\/2024\/07\/KMN_logo-e1624625879897-1.jpg\",\"contentUrl\":\"http:\/\/magyarnapok.ro\/2024\/wp-content\/uploads\/2024\/07\/KMN_logo-e1624625879897-1.jpg\"},{\"@type\":\"BreadcrumbList\",\"@id\":\"https:\/\/magyarnapok.ro\/2024\/a-kincses-kolozsvar-egyesuletrol\/#breadcrumb\",\"itemListElement\":[{\"@type\":\"ListItem\",\"position\":1,\"name\":\"Home\",\"item\":\"https:\/\/magyarnapok.ro\/2024\/\"},{\"@type\":\"ListItem\",\"position\":2,\"name\":\"A Kincses Kolozsv\u00e1r Egyes\u00fcletr\u0151l\"}]},{\"@type\":\"WebSite\",\"@id\":\"https:\/\/magyarnapok.ro\/2024\/#website\",\"url\":\"https:\/\/magyarnapok.ro\/2024\/\",\"name\":\"Kolozsv\u00e1ri Magyar Napok 2024\",\"description\":\"A h\u00e9t meg a nyolc\u00e1t!\",\"publisher\":{\"@id\":\"https:\/\/magyarnapok.ro\/2024\/#organization\"},\"potentialAction\":[{\"@type\":\"SearchAction\",\"target\":{\"@type\":\"EntryPoint\",\"urlTemplate\":\"https:\/\/magyarnapok.ro\/2024\/?s={search_term_string}\"},\"query-input\":\"required name=search_term_string\"}],\"inLanguage\":\"hu\"},{\"@type\":\"Organization\",\"@id\":\"https:\/\/magyarnapok.ro\/2024\/#organization\",\"name\":\"Kolozsv\u00e1ri Magyar Napok\",\"url\":\"https:\/\/magyarnapok.ro\/2024\/\",\"logo\":{\"@type\":\"ImageObject\",\"inLanguage\":\"hu\",\"@id\":\"https:\/\/magyarnapok.ro\/2024\/#\/schema\/logo\/image\/\",\"url\":\"https:\/\/magyarnapok.ro\/2024\/wp-content\/uploads\/2024\/04\/kmn_15_logo.png\",\"contentUrl\":\"https:\/\/magyarnapok.ro\/2024\/wp-content\/uploads\/2024\/04\/kmn_15_logo.png\",\"width\":385,\"height\":362,\"caption\":\"Kolozsv\u00e1ri Magyar Napok\"},\"image\":{\"@id\":\"https:\/\/magyarnapok.ro\/2024\/#\/schema\/logo\/image\/\"},\"sameAs\":[\"https:\/\/www.facebook.com\/magyarnapok\",\"https:\/\/www.instagram.com\/magyarnapok\/\",\"https:\/\/www.youtube.com\/c\/KolozsvriMagyarNapok2015\"]}]}<\/script>\n<!-- \/ Yoast SEO plugin. -->","yoast_head_json":{"title":"A Kincses Kolozsv\u00e1r Egyes\u00fcletr\u0151l - Kolozsv\u00e1ri Magyar Napok 2024","robots":{"index":"index","follow":"follow","max-snippet":"max-snippet:-1","max-image-preview":"max-image-preview:large","max-video-preview":"max-video-preview:-1"},"canonical":"https:\/\/magyarnapok.ro\/2024\/a-kincses-kolozsvar-egyesuletrol\/","og_locale":"hu_HU","og_type":"article","og_title":"A Kincses Kolozsv\u00e1r Egyes\u00fcletr\u0151l - Kolozsv\u00e1ri Magyar Napok 2024","og_description":"A Kincses Kolozsv\u00e1r Egyes\u00fclet a Kolozsv\u00e1ron m\u0171k\u00f6d\u0151 civil, egyh\u00e1zi, oktat\u00e1si \u00e9s politikai int\u00e9zm\u00e9nyek k\u00f6z\u00f6tti legsz\u00e9lesebb k\u00f6r\u0171 \u00f6sszefog\u00e1s szorgalmaz\u00f3ja. Bejegyz\u00e9s\u00e9t 2010 tavasz\u00e1n kezdem\u00e9nyezt\u00e9k az alap\u00edt\u00f3k, els\u0151dleges c\u00e9lk\u00e9nt t\u0171zve ki egy sokak sz\u00e1m\u00e1ra lehetetlennek t\u0171n\u0151 \u00e1lom megval\u00f3s\u00edt\u00e1s\u00e1t: egy olyan k\u00f6ztereken zajl\u00f3, \u00e9vr\u0151l \u00e9vre visszat\u00e9r\u0151 egyhetes rendezv\u00e9nysorozat k\u00f6z\u00f6s megszervez\u00e9s\u00e9t, mely m\u00e9lt\u00e1n t\u00fckr\u00f6zi a kolozsv\u00e1ri magyars\u00e1g szellemis\u00e9g\u00e9t. \u00cdgy sz\u00fcletett [&hellip;]","og_url":"https:\/\/magyarnapok.ro\/2024\/a-kincses-kolozsvar-egyesuletrol\/","og_site_name":"Kolozsv\u00e1ri Magyar Napok 2024","article_publisher":"https:\/\/www.facebook.com\/magyarnapok","article_modified_time":"2024-07-16T22:06:26+00:00","og_image":[{"url":"http:\/\/magyarnapok.ro\/2024\/wp-content\/uploads\/2024\/07\/KMN_logo-e1624625879897-1.jpg"}],"twitter_card":"summary_large_image","twitter_misc":{"Becs\u00fclt olvas\u00e1si id\u0151":"4 perc"},"schema":{"@context":"https:\/\/schema.org","@graph":[{"@type":"WebPage","@id":"https:\/\/magyarnapok.ro\/2024\/a-kincses-kolozsvar-egyesuletrol\/","url":"https:\/\/magyarnapok.ro\/2024\/a-kincses-kolozsvar-egyesuletrol\/","name":"A Kincses Kolozsv\u00e1r Egyes\u00fcletr\u0151l - Kolozsv\u00e1ri Magyar Napok 2024","isPartOf":{"@id":"https:\/\/magyarnapok.ro\/2024\/#website"},"primaryImageOfPage":{"@id":"https:\/\/magyarnapok.ro\/2024\/a-kincses-kolozsvar-egyesuletrol\/#primaryimage"},"image":{"@id":"https:\/\/magyarnapok.ro\/2024\/a-kincses-kolozsvar-egyesuletrol\/#primaryimage"},"thumbnailUrl":"http:\/\/magyarnapok.ro\/2024\/wp-content\/uploads\/2024\/07\/KMN_logo-e1624625879897-1.jpg","datePublished":"2024-07-01T20:55:42+00:00","dateModified":"2024-07-16T22:06:26+00:00","breadcrumb":{"@id":"https:\/\/magyarnapok.ro\/2024\/a-kincses-kolozsvar-egyesuletrol\/#breadcrumb"},"inLanguage":"hu","potentialAction":[{"@type":"ReadAction","target":["https:\/\/magyarnapok.ro\/2024\/a-kincses-kolozsvar-egyesuletrol\/"]}]},{"@type":"ImageObject","inLanguage":"hu","@id":"https:\/\/magyarnapok.ro\/2024\/a-kincses-kolozsvar-egyesuletrol\/#primaryimage","url":"http:\/\/magyarnapok.ro\/2024\/wp-content\/uploads\/2024\/07\/KMN_logo-e1624625879897-1.jpg","contentUrl":"http:\/\/magyarnapok.ro\/2024\/wp-content\/uploads\/2024\/07\/KMN_logo-e1624625879897-1.jpg"},{"@type":"BreadcrumbList","@id":"https:\/\/magyarnapok.ro\/2024\/a-kincses-kolozsvar-egyesuletrol\/#breadcrumb","itemListElement":[{"@type":"ListItem","position":1,"name":"Home","item":"https:\/\/magyarnapok.ro\/2024\/"},{"@type":"ListItem","position":2,"name":"A Kincses Kolozsv\u00e1r Egyes\u00fcletr\u0151l"}]},{"@type":"WebSite","@id":"https:\/\/magyarnapok.ro\/2024\/#website","url":"https:\/\/magyarnapok.ro\/2024\/","name":"Kolozsv\u00e1ri Magyar Napok 2024","description":"A h\u00e9t meg a nyolc\u00e1t!","publisher":{"@id":"https:\/\/magyarnapok.ro\/2024\/#organization"},"potentialAction":[{"@type":"SearchAction","target":{"@type":"EntryPoint","urlTemplate":"https:\/\/magyarnapok.ro\/2024\/?s={search_term_string}"},"query-input":"required name=search_term_string"}],"inLanguage":"hu"},{"@type":"Organization","@id":"https:\/\/magyarnapok.ro\/2024\/#organization","name":"Kolozsv\u00e1ri Magyar Napok","url":"https:\/\/magyarnapok.ro\/2024\/","logo":{"@type":"ImageObject","inLanguage":"hu","@id":"https:\/\/magyarnapok.ro\/2024\/#\/schema\/logo\/image\/","url":"https:\/\/magyarnapok.ro\/2024\/wp-content\/uploads\/2024\/04\/kmn_15_logo.png","contentUrl":"https:\/\/magyarnapok.ro\/2024\/wp-content\/uploads\/2024\/04\/kmn_15_logo.png","width":385,"height":362,"caption":"Kolozsv\u00e1ri Magyar Napok"},"image":{"@id":"https:\/\/magyarnapok.ro\/2024\/#\/schema\/logo\/image\/"},"sameAs":["https:\/\/www.facebook.com\/magyarnapok","https:\/\/www.instagram.com\/magyarnapok\/","https:\/\/www.youtube.com\/c\/KolozsvriMagyarNapok2015"]}]}},"_links":{"self":[{"href":"https:\/\/magyarnapok.ro\/2024\/wp-json\/wp\/v2\/pages\/1312","targetHints":{"allow":["GET"]}}],"collection":[{"href":"https:\/\/magyarnapok.ro\/2024\/wp-json\/wp\/v2\/pages"}],"about":[{"href":"https:\/\/magyarnapok.ro\/2024\/wp-json\/wp\/v2\/types\/page"}],"author":[{"embeddable":true,"href":"https:\/\/magyarnapok.ro\/2024\/wp-json\/wp\/v2\/users\/1"}],"replies":[{"embeddable":true,"href":"https:\/\/magyarnapok.ro\/2024\/wp-json\/wp\/v2\/comments?post=1312"}],"version-history":[{"count":13,"href":"https:\/\/magyarnapok.ro\/2024\/wp-json\/wp\/v2\/pages\/1312\/revisions"}],"predecessor-version":[{"id":1397,"href":"https:\/\/magyarnapok.ro\/2024\/wp-json\/wp\/v2\/pages\/1312\/revisions\/1397"}],"wp:attachment":[{"href":"https:\/\/magyarnapok.ro\/2024\/wp-json\/wp\/v2\/media?parent=1312"}],"curies":[{"name":"wp","href":"https:\/\/api.w.org\/{rel}","templated":true}]}}