{"id":1324,"date":"2024-07-02T00:36:02","date_gmt":"2024-07-01T21:36:02","guid":{"rendered":"http:\/\/magyarnapok.ro\/2024\/?page_id=1324"},"modified":"2024-07-02T00:36:02","modified_gmt":"2024-07-01T21:36:02","slug":"hazirend","status":"publish","type":"page","link":"https:\/\/magyarnapok.ro\/2024\/hazirend\/","title":{"rendered":"H\u00e1zirend"},"content":{"rendered":"\n<h4 class=\"wp-block-heading has-medium-font-size\">Vigy\u00e1zzunk egym\u00e1sra a Kolozsv\u00e1ri Magyar Napok ideje alatt!<\/h4>\n\n\n\n<p>A Kolozsv\u00e1ri Magyar Napok m\u00e1ra a K\u00e1rp\u00e1t-medencei magyar k\u00f6z\u00f6ss\u00e9g\u00fcnk egyik legnagyobb kultur\u00e1lis rendezv\u00e9ny\u00e9v\u00e9 n\u0151tte ki mag\u00e1t. Ezt igazolj\u00e1k az elm\u00falt \u00e9vek r\u00e9szv\u00e9teli adatai \u00e9s az a sok pozit\u00edv visszajelz\u00e9s is, amit a r\u00e9sztvev\u0151kt\u0151l kaptunk. K\u00f6z\u00f6ss\u00e9g\u00fcnk m\u00e9lt\u00e1n \u00e9rdemelte ki az \u00e1ltal\u00e1nos elismer\u00e9st p\u00e9lda\u00e9rt\u00e9k\u0171, civiliz\u00e1lt magatart\u00e1s\u00e1val, az egybetartoz\u00e1s \u00e9rz\u00e9s\u00e9nek egym\u00e1sra odafigyel\u0151 meg\u00e9l\u00e9s\u00e9vel.<\/p>\n\n\n\n<p>K\u00fcl\u00f6n \u00f6r\u00f6m sz\u00e1munkra, hogy a m\u00f6g\u00f6tt\u00fcnk l\u00e9v\u0151 vil\u00e1gj\u00e1rv\u00e1ny-s\u00fajtotta \u00e9vekben is siker\u00fclt \u2013 az \u00e9rv\u00e9nyben l\u00e9v\u0151 eg\u00e9szs\u00e9g\u00fcgyi \u00f3vint\u00e9zked\u00e9sek betart\u00e1s\u00e1val \u2013 megszervezn\u00fcnk a Magyar Napokat, a r\u00e9sztvev\u0151k pedig a t\u0151l\u00fck megszokott fegyelmezetts\u00e9ggel \u00e9s egy\u00fcttm\u0171k\u00f6d\u00e9sre val\u00f3 hajland\u00f3s\u00e1ggal viszonyultak a mindannyiunk biztons\u00e1g\u00e1t \u00e9s eg\u00e9szs\u00e9g\u00e9t szolg\u00e1l\u00f3 int\u00e9zked\u00e9sekhez.<\/p>\n\n\n\n<p>Szerencs\u00e9re a sokunk \u00e9let\u00e9t gy\u00f6kerest\u0151l felforgat\u00f3 korl\u00e1toz\u00e1sokkal m\u00e1r nem kell sz\u00e1molnunk, a Magyar Napok programhelysz\u00ednei szabadon l\u00e1togathat\u00f3k, \u00edgy ennek szellem\u00e9ben, illetve tekintettel arra, hogy a h\u00e9t folyam\u00e1n \u2013 f\u0151k\u00e9nt a koncertek idej\u00e9n \u2013 v\u00e1rhat\u00f3an nagy t\u00f6meg gy\u0171l majd \u00f6ssze a szabadt\u00e9ri rendezv\u00e9nyeken, fontos, hogy<\/p>\n\n\n\n<p class=\"has-medium-font-size\">TARTSUK TISZTELETBEN A BIZTONS\u00c1GI \u00d3VINT\u00c9ZKED\u00c9SEKET.<\/p>\n\n\n\n<p>Ez jelenti a garanci\u00e1t arra, hogy rendezv\u00e9ny\u00fcnket az elk\u00f6vetkez\u0151kben is meg tudjuk szervezni.<\/p>\n\n\n\n<p>Vigy\u00e1zzunk tov\u00e1bbra is egym\u00e1sra, kiemelt m\u00f3don pedig a rendezv\u00e9nyt l\u00e1togat\u00f3 gyermekekre \u00e9s az id\u0151sebbekre!<\/p>\n\n\n\n<p>A rendezv\u00e9ny teljes ter\u00fclet\u00e9re \u00e9s ideje alatt szigor\u00faan tilos b\u00e1rmilyen k\u00f6zbiztons\u00e1got, m\u00e1sok testi \u00e9ps\u00e9g\u00e9t vesz\u00e9lyeztethet\u0151 t\u00e1rgyat hozni.<\/p>\n\n\n\n<p>K\u00e9rj\u00fck, kisgyermekkel, csecsem\u0151vel, illetve gyerekkocsival ne menjenek a t\u00f6meg s\u0171r\u0171j\u00e9be.<\/p>\n\n\n\n<p>Javasoljuk, hogy ha kisgyermekkel \u00e9rkeznek, t\u00fcntess\u00e9k fel egy papiroson\/kit\u0171z\u0151n a nev\u00e9t, a sz\u00fcl\u0151k, rokonok telefonsz\u00e1m\u00e1t, \u00e9s helyezz\u00e9k el azt a gyermek zseb\u00e9ben. Ha valaki elt\u0171nt gyereket tal\u00e1l, k\u00e9rj\u00fck, k\u00eds\u00e9rje az inform\u00e1ci\u00f3s pontok valamelyik\u00e9hez.<\/p>\n\n\n\n<p>A z\u00e1r\u00f3g\u00e1la idej\u00e9re az id\u0151s, illetve mozg\u00e1skorl\u00e1tozott vend\u00e9geink sz\u00e1m\u00e1ra \u00fcl\u0151helyet tartunk fenn. Ezek elfoglal\u00e1sa \u00e9rkez\u00e9si sorrendben t\u00f6rt\u00e9nik. A fiatalabbakat arra k\u00e9rj\u00fck, ne foglalj\u00e1k el az \u00fcl\u0151helyeket, illetve adj\u00e1k \u00e1t hely\u00fcket az id\u0151sebbeknek. Ig\u00e9ny eset\u00e9n az id\u0151sebbek hozhatnak magukkal \u00fcl\u0151alkalmatoss\u00e1got.<\/p>\n\n\n\n<p>A rendezv\u00e9ny ter\u00fclet\u00e9re h\u00e1zi\u00e1llatot behozni nem aj\u00e1nlott. Amennyiben ez elker\u00fclhetetlen, akkor a gazda sz\u00e1jkos\u00e1rral, p\u00f3r\u00e1zon vagy ketrecben k\u00f6teles tartani h\u00e1zi kedvenc\u00e9t, \u00e9s gondoskodnia kell az \u00e1llat higi\u00e9ni\u00e1j\u00e1r\u00f3l.<\/p>\n\n\n\n<p>A szemetet csak az erre kijel\u00f6lt helyekre dobjuk, bele\u00e9rtve a cigarettacsikkeket is.<br>A k\u00e1b\u00edt\u00f3szer-kereskedelem \u00e9s -fogyaszt\u00e1s \u2013 a hat\u00e1lyos t\u00f6rv\u00e9nyek \u00e9rtelm\u00e9ben \u2013 a rendezv\u00e9ny ter\u00fclet\u00e9n szigor\u00faan tilos!<\/p>\n\n\n\n<p>Vigy\u00e1zzunk a k\u00f6zter\u00fcleten elhelyezett t\u00e9relemekre, bele\u00e9rtve a M\u00e1ty\u00e1s-szoborcsoportot is!<br>K\u00e9rj\u00fck, a tal\u00e1lt t\u00e1rgyakat az inform\u00e1ci\u00f3s pontokn\u00e1l adj\u00e1k le! Az elveszett t\u00e1rgyakat ugyanitt lehet bejelenteni, illetve elvenni, ha valaki megtal\u00e1lta \u00e9s leadta.<\/p>\n\n\n\n<p>A rendezv\u00e9ny ter\u00fclet\u00e9n eg\u00e9szs\u00e9g\u00fcgyi ell\u00e1t\u00f3 hely, rend\u0151rs\u00e9g \u00e9s sz\u00e1mos inform\u00e1ci\u00f3s pont \u00e1ll vend\u00e9geink rendelkez\u00e9s\u00e9re. B\u00e1rmilyen gond, provok\u00e1ci\u00f3 eset\u00e9n forduljon a helysz\u00ednen l\u00e9v\u0151 rendv\u00e9delmi szervekhez vagy a szervez\u0151kh\u00f6z. K\u00e9rj\u00fck, a rendbont\u00e1st ker\u00fclve vegyen r\u00e9szt programjainkon!<\/p>\n\n\n\n<p>K\u00e9rj\u00fck, hogy csak a kijel\u00f6lt illemhelyeket haszn\u00e1lj\u00e1k!<\/p>\n\n\n\n<p>Ha s\u00e9r\u00fclt, bajba jutott embert l\u00e1t k\u00f6rnyezet\u00e9ben, k\u00e9rj\u00fck, jelezze ezt a F\u0151t\u00e9r sz\u00e9lein tal\u00e1lhat\u00f3 kiszolg\u00e1l\u00f3 pontokn\u00e1l, illetve \u00e9rtes\u00edtse a helysz\u00ednen \u00e1llom\u00e1soz\u00f3 ment\u0151szolg\u00e1latokat!<\/p>\n\n\n\n<p>Els\u0151seg\u00e9ly-s\u00e1tor szerd\u00e1t\u00f3l vas\u00e1rnapig az Ap\u00e1czai Csere J\u00e1nos Elm\u00e9leti L\u00edceum udvar\u00e1ban.<\/p>\n\n\n\n<p>Meg\u00e9rt\u00e9s\u00fcket \u00e9s egy\u00fcttm\u0171k\u00f6d\u00e9s\u00fcket k\u00f6sz\u00f6nj\u00fck!<\/p>\n\n\n\n<p>J\u00f3 sz\u00f3rakoz\u00e1st k\u00edv\u00e1nunk!<\/p>\n\n\n\n<p>A szervez\u0151k fenntartj\u00e1k az esetleges m\u0171sorv\u00e1ltoz\u00e1s jog\u00e1t.<\/p>\n","protected":false},"excerpt":{"rendered":"<p>Vigy\u00e1zzunk egym\u00e1sra a Kolozsv\u00e1ri Magyar Napok ideje alatt! A Kolozsv\u00e1ri Magyar Napok m\u00e1ra a K\u00e1rp\u00e1t-medencei magyar k\u00f6z\u00f6ss\u00e9g\u00fcnk egyik legnagyobb kultur\u00e1lis rendezv\u00e9ny\u00e9v\u00e9 n\u0151tte ki mag\u00e1t. Ezt igazolj\u00e1k az elm\u00falt \u00e9vek r\u00e9szv\u00e9teli adatai \u00e9s az a sok pozit\u00edv visszajelz\u00e9s is, amit a r\u00e9sztvev\u0151kt\u0151l kaptunk. K\u00f6z\u00f6ss\u00e9g\u00fcnk m\u00e9lt\u00e1n \u00e9rdemelte ki az \u00e1ltal\u00e1nos elismer\u00e9st p\u00e9lda\u00e9rt\u00e9k\u0171, civiliz\u00e1lt magatart\u00e1s\u00e1val, az egybetartoz\u00e1s \u00e9rz\u00e9s\u00e9nek [&hellip;]<\/p>\n","protected":false},"author":1,"featured_media":0,"parent":0,"menu_order":0,"comment_status":"closed","ping_status":"closed","template":"","meta":{"_acf_changed":false,"footnotes":""},"class_list":["post-1324","page","type-page","status-publish","hentry"],"acf":[],"yoast_head":"<!-- This site is optimized with the Yoast SEO plugin v23.0 - https:\/\/yoast.com\/wordpress\/plugins\/seo\/ -->\n<title>H\u00e1zirend - Kolozsv\u00e1ri Magyar Napok 2024<\/title>\n<meta name=\"robots\" content=\"index, follow, max-snippet:-1, max-image-preview:large, max-video-preview:-1\" \/>\n<link rel=\"canonical\" href=\"https:\/\/magyarnapok.ro\/2024\/hazirend\/\" \/>\n<meta property=\"og:locale\" content=\"hu_HU\" \/>\n<meta property=\"og:type\" content=\"article\" \/>\n<meta property=\"og:title\" content=\"H\u00e1zirend - Kolozsv\u00e1ri Magyar Napok 2024\" \/>\n<meta property=\"og:description\" content=\"Vigy\u00e1zzunk egym\u00e1sra a Kolozsv\u00e1ri Magyar Napok ideje alatt! A Kolozsv\u00e1ri Magyar Napok m\u00e1ra a K\u00e1rp\u00e1t-medencei magyar k\u00f6z\u00f6ss\u00e9g\u00fcnk egyik legnagyobb kultur\u00e1lis rendezv\u00e9ny\u00e9v\u00e9 n\u0151tte ki mag\u00e1t. Ezt igazolj\u00e1k az elm\u00falt \u00e9vek r\u00e9szv\u00e9teli adatai \u00e9s az a sok pozit\u00edv visszajelz\u00e9s is, amit a r\u00e9sztvev\u0151kt\u0151l kaptunk. K\u00f6z\u00f6ss\u00e9g\u00fcnk m\u00e9lt\u00e1n \u00e9rdemelte ki az \u00e1ltal\u00e1nos elismer\u00e9st p\u00e9lda\u00e9rt\u00e9k\u0171, civiliz\u00e1lt magatart\u00e1s\u00e1val, az egybetartoz\u00e1s \u00e9rz\u00e9s\u00e9nek [&hellip;]\" \/>\n<meta property=\"og:url\" content=\"https:\/\/magyarnapok.ro\/2024\/hazirend\/\" \/>\n<meta property=\"og:site_name\" content=\"Kolozsv\u00e1ri Magyar Napok 2024\" \/>\n<meta property=\"article:publisher\" content=\"https:\/\/www.facebook.com\/magyarnapok\" \/>\n<meta property=\"og:image\" content=\"https:\/\/magyarnapok.ro\/2024\/wp-content\/uploads\/2024\/06\/KMN2024-www-intro-hu-01.jpg\" \/>\n\t<meta property=\"og:image:width\" content=\"1920\" \/>\n\t<meta property=\"og:image:height\" content=\"1080\" \/>\n\t<meta property=\"og:image:type\" content=\"image\/jpeg\" \/>\n<meta name=\"twitter:card\" content=\"summary_large_image\" \/>\n<meta name=\"twitter:label1\" content=\"Becs\u00fclt olvas\u00e1si id\u0151\" \/>\n\t<meta name=\"twitter:data1\" content=\"4 perc\" \/>\n<script type=\"application\/ld+json\" class=\"yoast-schema-graph\">{\"@context\":\"https:\/\/schema.org\",\"@graph\":[{\"@type\":\"WebPage\",\"@id\":\"https:\/\/magyarnapok.ro\/2024\/hazirend\/\",\"url\":\"https:\/\/magyarnapok.ro\/2024\/hazirend\/\",\"name\":\"H\u00e1zirend - Kolozsv\u00e1ri Magyar Napok 2024\",\"isPartOf\":{\"@id\":\"https:\/\/magyarnapok.ro\/2024\/#website\"},\"datePublished\":\"2024-07-01T21:36:02+00:00\",\"dateModified\":\"2024-07-01T21:36:02+00:00\",\"breadcrumb\":{\"@id\":\"https:\/\/magyarnapok.ro\/2024\/hazirend\/#breadcrumb\"},\"inLanguage\":\"hu\",\"potentialAction\":[{\"@type\":\"ReadAction\",\"target\":[\"https:\/\/magyarnapok.ro\/2024\/hazirend\/\"]}]},{\"@type\":\"BreadcrumbList\",\"@id\":\"https:\/\/magyarnapok.ro\/2024\/hazirend\/#breadcrumb\",\"itemListElement\":[{\"@type\":\"ListItem\",\"position\":1,\"name\":\"Home\",\"item\":\"https:\/\/magyarnapok.ro\/2024\/\"},{\"@type\":\"ListItem\",\"position\":2,\"name\":\"H\u00e1zirend\"}]},{\"@type\":\"WebSite\",\"@id\":\"https:\/\/magyarnapok.ro\/2024\/#website\",\"url\":\"https:\/\/magyarnapok.ro\/2024\/\",\"name\":\"Kolozsv\u00e1ri Magyar Napok 2024\",\"description\":\"A h\u00e9t meg a nyolc\u00e1t!\",\"publisher\":{\"@id\":\"https:\/\/magyarnapok.ro\/2024\/#organization\"},\"potentialAction\":[{\"@type\":\"SearchAction\",\"target\":{\"@type\":\"EntryPoint\",\"urlTemplate\":\"https:\/\/magyarnapok.ro\/2024\/?s={search_term_string}\"},\"query-input\":\"required name=search_term_string\"}],\"inLanguage\":\"hu\"},{\"@type\":\"Organization\",\"@id\":\"https:\/\/magyarnapok.ro\/2024\/#organization\",\"name\":\"Kolozsv\u00e1ri Magyar Napok\",\"url\":\"https:\/\/magyarnapok.ro\/2024\/\",\"logo\":{\"@type\":\"ImageObject\",\"inLanguage\":\"hu\",\"@id\":\"https:\/\/magyarnapok.ro\/2024\/#\/schema\/logo\/image\/\",\"url\":\"https:\/\/magyarnapok.ro\/2024\/wp-content\/uploads\/2024\/04\/kmn_15_logo.png\",\"contentUrl\":\"https:\/\/magyarnapok.ro\/2024\/wp-content\/uploads\/2024\/04\/kmn_15_logo.png\",\"width\":385,\"height\":362,\"caption\":\"Kolozsv\u00e1ri Magyar Napok\"},\"image\":{\"@id\":\"https:\/\/magyarnapok.ro\/2024\/#\/schema\/logo\/image\/\"},\"sameAs\":[\"https:\/\/www.facebook.com\/magyarnapok\",\"https:\/\/www.instagram.com\/magyarnapok\/\",\"https:\/\/www.youtube.com\/c\/KolozsvriMagyarNapok2015\"]}]}<\/script>\n<!-- \/ Yoast SEO plugin. -->","yoast_head_json":{"title":"H\u00e1zirend - Kolozsv\u00e1ri Magyar Napok 2024","robots":{"index":"index","follow":"follow","max-snippet":"max-snippet:-1","max-image-preview":"max-image-preview:large","max-video-preview":"max-video-preview:-1"},"canonical":"https:\/\/magyarnapok.ro\/2024\/hazirend\/","og_locale":"hu_HU","og_type":"article","og_title":"H\u00e1zirend - Kolozsv\u00e1ri Magyar Napok 2024","og_description":"Vigy\u00e1zzunk egym\u00e1sra a Kolozsv\u00e1ri Magyar Napok ideje alatt! A Kolozsv\u00e1ri Magyar Napok m\u00e1ra a K\u00e1rp\u00e1t-medencei magyar k\u00f6z\u00f6ss\u00e9g\u00fcnk egyik legnagyobb kultur\u00e1lis rendezv\u00e9ny\u00e9v\u00e9 n\u0151tte ki mag\u00e1t. Ezt igazolj\u00e1k az elm\u00falt \u00e9vek r\u00e9szv\u00e9teli adatai \u00e9s az a sok pozit\u00edv visszajelz\u00e9s is, amit a r\u00e9sztvev\u0151kt\u0151l kaptunk. K\u00f6z\u00f6ss\u00e9g\u00fcnk m\u00e9lt\u00e1n \u00e9rdemelte ki az \u00e1ltal\u00e1nos elismer\u00e9st p\u00e9lda\u00e9rt\u00e9k\u0171, civiliz\u00e1lt magatart\u00e1s\u00e1val, az egybetartoz\u00e1s \u00e9rz\u00e9s\u00e9nek [&hellip;]","og_url":"https:\/\/magyarnapok.ro\/2024\/hazirend\/","og_site_name":"Kolozsv\u00e1ri Magyar Napok 2024","article_publisher":"https:\/\/www.facebook.com\/magyarnapok","og_image":[{"width":1920,"height":1080,"url":"https:\/\/magyarnapok.ro\/2024\/wp-content\/uploads\/2024\/06\/KMN2024-www-intro-hu-01.jpg","type":"image\/jpeg"}],"twitter_card":"summary_large_image","twitter_misc":{"Becs\u00fclt olvas\u00e1si id\u0151":"4 perc"},"schema":{"@context":"https:\/\/schema.org","@graph":[{"@type":"WebPage","@id":"https:\/\/magyarnapok.ro\/2024\/hazirend\/","url":"https:\/\/magyarnapok.ro\/2024\/hazirend\/","name":"H\u00e1zirend - Kolozsv\u00e1ri Magyar Napok 2024","isPartOf":{"@id":"https:\/\/magyarnapok.ro\/2024\/#website"},"datePublished":"2024-07-01T21:36:02+00:00","dateModified":"2024-07-01T21:36:02+00:00","breadcrumb":{"@id":"https:\/\/magyarnapok.ro\/2024\/hazirend\/#breadcrumb"},"inLanguage":"hu","potentialAction":[{"@type":"ReadAction","target":["https:\/\/magyarnapok.ro\/2024\/hazirend\/"]}]},{"@type":"BreadcrumbList","@id":"https:\/\/magyarnapok.ro\/2024\/hazirend\/#breadcrumb","itemListElement":[{"@type":"ListItem","position":1,"name":"Home","item":"https:\/\/magyarnapok.ro\/2024\/"},{"@type":"ListItem","position":2,"name":"H\u00e1zirend"}]},{"@type":"WebSite","@id":"https:\/\/magyarnapok.ro\/2024\/#website","url":"https:\/\/magyarnapok.ro\/2024\/","name":"Kolozsv\u00e1ri Magyar Napok 2024","description":"A h\u00e9t meg a nyolc\u00e1t!","publisher":{"@id":"https:\/\/magyarnapok.ro\/2024\/#organization"},"potentialAction":[{"@type":"SearchAction","target":{"@type":"EntryPoint","urlTemplate":"https:\/\/magyarnapok.ro\/2024\/?s={search_term_string}"},"query-input":"required name=search_term_string"}],"inLanguage":"hu"},{"@type":"Organization","@id":"https:\/\/magyarnapok.ro\/2024\/#organization","name":"Kolozsv\u00e1ri Magyar Napok","url":"https:\/\/magyarnapok.ro\/2024\/","logo":{"@type":"ImageObject","inLanguage":"hu","@id":"https:\/\/magyarnapok.ro\/2024\/#\/schema\/logo\/image\/","url":"https:\/\/magyarnapok.ro\/2024\/wp-content\/uploads\/2024\/04\/kmn_15_logo.png","contentUrl":"https:\/\/magyarnapok.ro\/2024\/wp-content\/uploads\/2024\/04\/kmn_15_logo.png","width":385,"height":362,"caption":"Kolozsv\u00e1ri Magyar Napok"},"image":{"@id":"https:\/\/magyarnapok.ro\/2024\/#\/schema\/logo\/image\/"},"sameAs":["https:\/\/www.facebook.com\/magyarnapok","https:\/\/www.instagram.com\/magyarnapok\/","https:\/\/www.youtube.com\/c\/KolozsvriMagyarNapok2015"]}]}},"_links":{"self":[{"href":"https:\/\/magyarnapok.ro\/2024\/wp-json\/wp\/v2\/pages\/1324","targetHints":{"allow":["GET"]}}],"collection":[{"href":"https:\/\/magyarnapok.ro\/2024\/wp-json\/wp\/v2\/pages"}],"about":[{"href":"https:\/\/magyarnapok.ro\/2024\/wp-json\/wp\/v2\/types\/page"}],"author":[{"embeddable":true,"href":"https:\/\/magyarnapok.ro\/2024\/wp-json\/wp\/v2\/users\/1"}],"replies":[{"embeddable":true,"href":"https:\/\/magyarnapok.ro\/2024\/wp-json\/wp\/v2\/comments?post=1324"}],"version-history":[{"count":1,"href":"https:\/\/magyarnapok.ro\/2024\/wp-json\/wp\/v2\/pages\/1324\/revisions"}],"predecessor-version":[{"id":1325,"href":"https:\/\/magyarnapok.ro\/2024\/wp-json\/wp\/v2\/pages\/1324\/revisions\/1325"}],"wp:attachment":[{"href":"https:\/\/magyarnapok.ro\/2024\/wp-json\/wp\/v2\/media?parent=1324"}],"curies":[{"name":"wp","href":"https:\/\/api.w.org\/{rel}","templated":true}]}}