{"id":1326,"date":"2024-07-02T00:39:20","date_gmt":"2024-07-01T21:39:20","guid":{"rendered":"http:\/\/magyarnapok.ro\/2024\/?page_id=1326"},"modified":"2024-08-21T18:06:01","modified_gmt":"2024-08-21T15:06:01","slug":"elsosegely","status":"publish","type":"page","link":"https:\/\/magyarnapok.ro\/2024\/elsosegely\/","title":{"rendered":"Els\u0151seg\u00e9ly"},"content":{"rendered":"\n<p class=\"has-large-font-size\">Ingyenes sz\u0171r\u0151vizsg\u00e1latok (v\u00e9rnyom\u00e1s-\u00ad \u00e9s v\u00e9rcukorszintm\u00e9r\u00e9s) a Promedical Center m\u0171k\u00f6dtette els\u0151seg\u00e9lys\u00e1torban szerd\u00e1t\u00f3l vas\u00e1rnapig 10:00\u201319.00 \u00f3ra k\u00f6z\u00f6tt, a Farkas utc\u00e1ban a Babe\u015f-Bolyai Tudom\u00e1nyegyetem f\u0151\u00e9p\u00fclete el\u0151tt<\/p>\n","protected":false},"excerpt":{"rendered":"<p>Ingyenes sz\u0171r\u0151vizsg\u00e1latok (v\u00e9rnyom\u00e1s-\u00ad \u00e9s v\u00e9rcukorszintm\u00e9r\u00e9s) a Promedical Center m\u0171k\u00f6dtette els\u0151seg\u00e9lys\u00e1torban szerd\u00e1t\u00f3l vas\u00e1rnapig 10:00\u201319.00 \u00f3ra k\u00f6z\u00f6tt, a Farkas utc\u00e1ban a Babe\u015f-Bolyai Tudom\u00e1nyegyetem f\u0151\u00e9p\u00fclete el\u0151tt<\/p>\n","protected":false},"author":1,"featured_media":0,"parent":0,"menu_order":0,"comment_status":"closed","ping_status":"closed","template":"","meta":{"_acf_changed":false,"footnotes":""},"class_list":["post-1326","page","type-page","status-publish","hentry"],"acf":[],"yoast_head":"<!-- This site is optimized with the Yoast SEO plugin v23.0 - https:\/\/yoast.com\/wordpress\/plugins\/seo\/ -->\n<title>Els\u0151seg\u00e9ly - Kolozsv\u00e1ri Magyar Napok 2024<\/title>\n<meta name=\"robots\" content=\"index, follow, max-snippet:-1, max-image-preview:large, max-video-preview:-1\" \/>\n<link rel=\"canonical\" href=\"https:\/\/magyarnapok.ro\/2024\/elsosegely\/\" \/>\n<meta property=\"og:locale\" content=\"hu_HU\" \/>\n<meta property=\"og:type\" content=\"article\" \/>\n<meta property=\"og:title\" content=\"Els\u0151seg\u00e9ly - Kolozsv\u00e1ri Magyar Napok 2024\" \/>\n<meta property=\"og:description\" content=\"Ingyenes sz\u0171r\u0151vizsg\u00e1latok (v\u00e9rnyom\u00e1s-\u00ad \u00e9s v\u00e9rcukorszintm\u00e9r\u00e9s) a Promedical Center m\u0171k\u00f6dtette els\u0151seg\u00e9lys\u00e1torban szerd\u00e1t\u00f3l vas\u00e1rnapig 10:00\u201319.00 \u00f3ra k\u00f6z\u00f6tt, a Farkas utc\u00e1ban a Babe\u015f-Bolyai Tudom\u00e1nyegyetem f\u0151\u00e9p\u00fclete el\u0151tt\" \/>\n<meta property=\"og:url\" content=\"https:\/\/magyarnapok.ro\/2024\/elsosegely\/\" \/>\n<meta property=\"og:site_name\" content=\"Kolozsv\u00e1ri Magyar Napok 2024\" \/>\n<meta property=\"article:publisher\" content=\"https:\/\/www.facebook.com\/magyarnapok\" \/>\n<meta property=\"article:modified_time\" content=\"2024-08-21T15:06:01+00:00\" \/>\n<meta property=\"og:image\" content=\"https:\/\/magyarnapok.ro\/2024\/wp-content\/uploads\/2024\/06\/KMN2024-www-intro-hu-01.jpg\" \/>\n\t<meta property=\"og:image:width\" content=\"1920\" \/>\n\t<meta property=\"og:image:height\" content=\"1080\" \/>\n\t<meta property=\"og:image:type\" content=\"image\/jpeg\" \/>\n<meta name=\"twitter:card\" content=\"summary_large_image\" \/>\n<meta name=\"twitter:label1\" content=\"Becs\u00fclt olvas\u00e1si id\u0151\" \/>\n\t<meta name=\"twitter:data1\" content=\"1 perc\" \/>\n<script type=\"application\/ld+json\" class=\"yoast-schema-graph\">{\"@context\":\"https:\/\/schema.org\",\"@graph\":[{\"@type\":\"WebPage\",\"@id\":\"https:\/\/magyarnapok.ro\/2024\/elsosegely\/\",\"url\":\"https:\/\/magyarnapok.ro\/2024\/elsosegely\/\",\"name\":\"Els\u0151seg\u00e9ly - Kolozsv\u00e1ri Magyar Napok 2024\",\"isPartOf\":{\"@id\":\"https:\/\/magyarnapok.ro\/2024\/#website\"},\"datePublished\":\"2024-07-01T21:39:20+00:00\",\"dateModified\":\"2024-08-21T15:06:01+00:00\",\"breadcrumb\":{\"@id\":\"https:\/\/magyarnapok.ro\/2024\/elsosegely\/#breadcrumb\"},\"inLanguage\":\"hu\",\"potentialAction\":[{\"@type\":\"ReadAction\",\"target\":[\"https:\/\/magyarnapok.ro\/2024\/elsosegely\/\"]}]},{\"@type\":\"BreadcrumbList\",\"@id\":\"https:\/\/magyarnapok.ro\/2024\/elsosegely\/#breadcrumb\",\"itemListElement\":[{\"@type\":\"ListItem\",\"position\":1,\"name\":\"Home\",\"item\":\"https:\/\/magyarnapok.ro\/2024\/\"},{\"@type\":\"ListItem\",\"position\":2,\"name\":\"Els\u0151seg\u00e9ly\"}]},{\"@type\":\"WebSite\",\"@id\":\"https:\/\/magyarnapok.ro\/2024\/#website\",\"url\":\"https:\/\/magyarnapok.ro\/2024\/\",\"name\":\"Kolozsv\u00e1ri Magyar Napok 2024\",\"description\":\"A h\u00e9t meg a nyolc\u00e1t!\",\"publisher\":{\"@id\":\"https:\/\/magyarnapok.ro\/2024\/#organization\"},\"potentialAction\":[{\"@type\":\"SearchAction\",\"target\":{\"@type\":\"EntryPoint\",\"urlTemplate\":\"https:\/\/magyarnapok.ro\/2024\/?s={search_term_string}\"},\"query-input\":\"required name=search_term_string\"}],\"inLanguage\":\"hu\"},{\"@type\":\"Organization\",\"@id\":\"https:\/\/magyarnapok.ro\/2024\/#organization\",\"name\":\"Kolozsv\u00e1ri Magyar Napok\",\"url\":\"https:\/\/magyarnapok.ro\/2024\/\",\"logo\":{\"@type\":\"ImageObject\",\"inLanguage\":\"hu\",\"@id\":\"https:\/\/magyarnapok.ro\/2024\/#\/schema\/logo\/image\/\",\"url\":\"https:\/\/magyarnapok.ro\/2024\/wp-content\/uploads\/2024\/04\/kmn_15_logo.png\",\"contentUrl\":\"https:\/\/magyarnapok.ro\/2024\/wp-content\/uploads\/2024\/04\/kmn_15_logo.png\",\"width\":385,\"height\":362,\"caption\":\"Kolozsv\u00e1ri Magyar Napok\"},\"image\":{\"@id\":\"https:\/\/magyarnapok.ro\/2024\/#\/schema\/logo\/image\/\"},\"sameAs\":[\"https:\/\/www.facebook.com\/magyarnapok\",\"https:\/\/www.instagram.com\/magyarnapok\/\",\"https:\/\/www.youtube.com\/c\/KolozsvriMagyarNapok2015\"]}]}<\/script>\n<!-- \/ Yoast SEO plugin. -->","yoast_head_json":{"title":"Els\u0151seg\u00e9ly - Kolozsv\u00e1ri Magyar Napok 2024","robots":{"index":"index","follow":"follow","max-snippet":"max-snippet:-1","max-image-preview":"max-image-preview:large","max-video-preview":"max-video-preview:-1"},"canonical":"https:\/\/magyarnapok.ro\/2024\/elsosegely\/","og_locale":"hu_HU","og_type":"article","og_title":"Els\u0151seg\u00e9ly - Kolozsv\u00e1ri Magyar Napok 2024","og_description":"Ingyenes sz\u0171r\u0151vizsg\u00e1latok (v\u00e9rnyom\u00e1s-\u00ad \u00e9s v\u00e9rcukorszintm\u00e9r\u00e9s) a Promedical Center m\u0171k\u00f6dtette els\u0151seg\u00e9lys\u00e1torban szerd\u00e1t\u00f3l vas\u00e1rnapig 10:00\u201319.00 \u00f3ra k\u00f6z\u00f6tt, a Farkas utc\u00e1ban a Babe\u015f-Bolyai Tudom\u00e1nyegyetem f\u0151\u00e9p\u00fclete el\u0151tt","og_url":"https:\/\/magyarnapok.ro\/2024\/elsosegely\/","og_site_name":"Kolozsv\u00e1ri Magyar Napok 2024","article_publisher":"https:\/\/www.facebook.com\/magyarnapok","article_modified_time":"2024-08-21T15:06:01+00:00","og_image":[{"width":1920,"height":1080,"url":"https:\/\/magyarnapok.ro\/2024\/wp-content\/uploads\/2024\/06\/KMN2024-www-intro-hu-01.jpg","type":"image\/jpeg"}],"twitter_card":"summary_large_image","twitter_misc":{"Becs\u00fclt olvas\u00e1si id\u0151":"1 perc"},"schema":{"@context":"https:\/\/schema.org","@graph":[{"@type":"WebPage","@id":"https:\/\/magyarnapok.ro\/2024\/elsosegely\/","url":"https:\/\/magyarnapok.ro\/2024\/elsosegely\/","name":"Els\u0151seg\u00e9ly - Kolozsv\u00e1ri Magyar Napok 2024","isPartOf":{"@id":"https:\/\/magyarnapok.ro\/2024\/#website"},"datePublished":"2024-07-01T21:39:20+00:00","dateModified":"2024-08-21T15:06:01+00:00","breadcrumb":{"@id":"https:\/\/magyarnapok.ro\/2024\/elsosegely\/#breadcrumb"},"inLanguage":"hu","potentialAction":[{"@type":"ReadAction","target":["https:\/\/magyarnapok.ro\/2024\/elsosegely\/"]}]},{"@type":"BreadcrumbList","@id":"https:\/\/magyarnapok.ro\/2024\/elsosegely\/#breadcrumb","itemListElement":[{"@type":"ListItem","position":1,"name":"Home","item":"https:\/\/magyarnapok.ro\/2024\/"},{"@type":"ListItem","position":2,"name":"Els\u0151seg\u00e9ly"}]},{"@type":"WebSite","@id":"https:\/\/magyarnapok.ro\/2024\/#website","url":"https:\/\/magyarnapok.ro\/2024\/","name":"Kolozsv\u00e1ri Magyar Napok 2024","description":"A h\u00e9t meg a nyolc\u00e1t!","publisher":{"@id":"https:\/\/magyarnapok.ro\/2024\/#organization"},"potentialAction":[{"@type":"SearchAction","target":{"@type":"EntryPoint","urlTemplate":"https:\/\/magyarnapok.ro\/2024\/?s={search_term_string}"},"query-input":"required name=search_term_string"}],"inLanguage":"hu"},{"@type":"Organization","@id":"https:\/\/magyarnapok.ro\/2024\/#organization","name":"Kolozsv\u00e1ri Magyar Napok","url":"https:\/\/magyarnapok.ro\/2024\/","logo":{"@type":"ImageObject","inLanguage":"hu","@id":"https:\/\/magyarnapok.ro\/2024\/#\/schema\/logo\/image\/","url":"https:\/\/magyarnapok.ro\/2024\/wp-content\/uploads\/2024\/04\/kmn_15_logo.png","contentUrl":"https:\/\/magyarnapok.ro\/2024\/wp-content\/uploads\/2024\/04\/kmn_15_logo.png","width":385,"height":362,"caption":"Kolozsv\u00e1ri Magyar Napok"},"image":{"@id":"https:\/\/magyarnapok.ro\/2024\/#\/schema\/logo\/image\/"},"sameAs":["https:\/\/www.facebook.com\/magyarnapok","https:\/\/www.instagram.com\/magyarnapok\/","https:\/\/www.youtube.com\/c\/KolozsvriMagyarNapok2015"]}]}},"_links":{"self":[{"href":"https:\/\/magyarnapok.ro\/2024\/wp-json\/wp\/v2\/pages\/1326","targetHints":{"allow":["GET"]}}],"collection":[{"href":"https:\/\/magyarnapok.ro\/2024\/wp-json\/wp\/v2\/pages"}],"about":[{"href":"https:\/\/magyarnapok.ro\/2024\/wp-json\/wp\/v2\/types\/page"}],"author":[{"embeddable":true,"href":"https:\/\/magyarnapok.ro\/2024\/wp-json\/wp\/v2\/users\/1"}],"replies":[{"embeddable":true,"href":"https:\/\/magyarnapok.ro\/2024\/wp-json\/wp\/v2\/comments?post=1326"}],"version-history":[{"count":2,"href":"https:\/\/magyarnapok.ro\/2024\/wp-json\/wp\/v2\/pages\/1326\/revisions"}],"predecessor-version":[{"id":3274,"href":"https:\/\/magyarnapok.ro\/2024\/wp-json\/wp\/v2\/pages\/1326\/revisions\/3274"}],"wp:attachment":[{"href":"https:\/\/magyarnapok.ro\/2024\/wp-json\/wp\/v2\/media?parent=1326"}],"curies":[{"name":"wp","href":"https:\/\/api.w.org\/{rel}","templated":true}]}}