{"id":1401,"date":"2024-07-17T01:13:07","date_gmt":"2024-07-16T22:13:07","guid":{"rendered":"https:\/\/magyarnapok.ro\/2024\/?page_id=1401"},"modified":"2025-04-15T12:14:58","modified_gmt":"2025-04-15T09:14:58","slug":"a-szervezocsapat","status":"publish","type":"page","link":"https:\/\/magyarnapok.ro\/2024\/a-szervezocsapat\/","title":{"rendered":"A szervez\u0151csapat"},"content":{"rendered":"\n<ul class=\"wp-block-list\">\n<li class=\"has-medium-font-size\">F\u0151szervez\u0151: Gergely Bal\u00e1zs<\/li>\n\n\n\n<li class=\"has-medium-font-size\">Programigazgat\u00f3: Szab\u00f3 Lilla<\/li>\n\n\n\n<li class=\"has-medium-font-size\">Gazdas\u00e1gi igazgat\u00f3: Csigi Levente<\/li>\n\n\n\n<li class=\"has-medium-font-size\">P\u00e9nz\u00fcgyi igazgat\u00f3: F\u00e1bi\u00e1n Botond<\/li>\n\n\n\n<li class=\"has-medium-font-size\">Arculat: K\u00f6nczey Elem\u00e9r<\/li>\n\n\n\n<li class=\"has-medium-font-size\">Technikai igazgat\u00f3: Borsos Levente<\/li>\n\n\n\n<li class=\"has-medium-font-size\">Irodavezet\u0151: Gergely Enik\u0151<\/li>\n\n\n\n<li class=\"has-medium-font-size\">Programigazgat\u00f3-asszisztens: Szil\u00e1gyi Adrien Rebeka<\/li>\n\n\n\n<li class=\"has-medium-font-size\">Farkas utca koordin\u00e1tor: Sz\u00e1sz P\u00e9ter<\/li>\n\n\n\n<li class=\"has-medium-font-size\">Produkci\u00f3s menedzser: Gergely B\u00e1lint<\/li>\n\n\n\n<li class=\"has-medium-font-size\">Magyar kommunik\u00e1ci\u00f3s koordin\u00e1tor: Tor\u00f3 Tam\u00e1s<\/li>\n\n\n\n<li class=\"has-medium-font-size\">Sajt\u00f3f\u0151n\u00f6k: Lovassy Cseh Tam\u00e1s<\/li>\n\n\n\n<li class=\"has-medium-font-size\">Rom\u00e1n kommunik\u00e1ci\u00f3s koordin\u00e1tor: Laura Lauren\u021biu<\/li>\n\n\n\n<li class=\"has-medium-font-size\">Fot\u00f3st\u00e1b-koordin\u00e1tor: Vakarcs L\u00f3r\u00e1nd<\/li>\n\n\n\n<li class=\"has-medium-font-size\">B\u00e1nffy-udvar koordin\u00e1tor: Mikl\u00f3s Gy\u00f6rgy<\/li>\n\n\n\n<li class=\"has-medium-font-size\">B\u00e1nffy-udvar koordin\u00e1tor: Dim\u00e9ny \u00c1ron<\/li>\n\n\n\n<li class=\"has-medium-font-size\">Protokoll: Sipos D\u00e1vid<\/li>\n\n\n\n<li class=\"has-medium-font-size\">Kommunik\u00e1ci\u00f3s asszisztens: Farkas Anna<\/li>\n\n\n\n<li class=\"has-medium-font-size\">Kommunik\u00e1ci\u00f3s asszisztens: M\u00e1t\u00f3-Sz\u00e9kely Orsolya<\/li>\n\n\n\n<li class=\"has-medium-font-size\">Honlapfelel\u0151s:\n<ul class=\"wp-block-list\">\n<li>Rom\u00e1n Sarolta<\/li>\n\n\n\n<li>M\u00e1t\u00f3-Sz\u00e9kely Tamara<\/li>\n<\/ul>\n<\/li>\n\n\n\n<li class=\"has-medium-font-size\">Kommunik\u00e1ci\u00f3: \n<ul class=\"wp-block-list\">\n<li>Kasler Viktor<\/li>\n\n\n\n<li>Gebe Zolt\u00e1n<\/li>\n\n\n\n<li>Benk\u0151 Bor\u00f3ka<\/li>\n\n\n\n<li>Mih\u00e1ly Kriszta<\/li>\n\n\n\n<li>Bal\u00e1zs Hanna Imola<\/li>\n\n\n\n<li>Ferencz \u00c1d\u00e1m<\/li>\n\n\n\n<li>Elena G\u0103d\u0103lean<\/li>\n<\/ul>\n<\/li>\n\n\n\n<li class=\"has-medium-font-size\">Fot\u00f3: \n<ul class=\"wp-block-list\">\n<li>B\u00edr\u00f3 Istv\u00e1n<\/li>\n\n\n\n<li>Radu Norbert<\/li>\n\n\n\n<li>De\u00e1k Anita<\/li>\n\n\n\n<li>Tompa R\u00e9ka<\/li>\n\n\n\n<li>Szentes Z\u00e1gon<\/li>\n\n\n\n<li>Makkai Zs\u00f3fi<\/li>\n\n\n\n<li>M\u0103rcu\u021biu-R\u00e1cz D\u00f3ra<\/li>\n\n\n\n<li>P\u00e1szka R\u00f3bert<\/li>\n<\/ul>\n<\/li>\n\n\n\n<li class=\"has-medium-font-size\">\u00d6nkorm\u00e1nyzati kapcsolattart\u00f3: T\u0103ma\u0219 Enya Andrea<\/li>\n\n\n\n<li class=\"has-medium-font-size\">Honlap: Cs\u00e1ki Tam\u00e1s<\/li>\n\n\n\n<li class=\"has-medium-font-size\">KMN Bolt:\n<ul class=\"wp-block-list\">\n<li>Guly\u00e1s Beatrix<\/li>\n\n\n\n<li>Cs\u00e1ki Tam\u00e1s<\/li>\n\n\n\n<li>Kucsv\u00e1n Zsolt-Levente<\/li>\n\n\n\n<li>Bal\u00e1zs Emese<\/li>\n<\/ul>\n<\/li>\n\n\n\n<li class=\"has-medium-font-size\">Vezet\u0151 koordin\u00e1tor &#8211; \u00f6nk\u00e9ntesek: L\u00e1szl\u00f3 Petra<\/li>\n\n\n\n<li class=\"has-medium-font-size\">\u00d6nk\u00e9nteskoordin\u00e1tor:\n<ul class=\"wp-block-list\">\n<li>Rohamcsapat: Filep M\u00e1ty\u00e1s<\/li>\n\n\n\n<li>Rohamcsapat: Dezs\u0151 Tam\u00e1s<\/li>\n\n\n\n<li>Helysz\u00edni fel\u00fcgyelet: Sz\u00e1ntai Hanna<\/li>\n\n\n\n<li>Helysz\u00edni fel\u00fcgyelet: Cs\u00fcr\u00f6s Inka<\/li>\n\n\n\n<li>Inf\u00f3pont: Gombos Brigitta-Anett<\/li>\n\n\n\n<li>Folkudvar: Csongr\u00e1d Dorottya<\/li>\n\n\n\n<li>\u00d6nk\u00e9ntesb\u00e1zis: S\u00e1ndor Anna-Andrea<\/li>\n\n\n\n<li>\u00d6nk\u00e9ntesb\u00e1zis: Ungv\u00e1ri Bence L\u00e1szl\u00f3<\/li>\n\n\n\n<li>B\u00e1nffy-udvar: B\u00e1ndi Magor<\/li>\n\n\n\n<li>B\u00e1nffy-udvar: Bon\u00e9 Il\u00e1n<\/li>\n\n\n\n<li>Donaton: Mikl\u00f3s \u00c1d\u00e1m<\/li>\n<\/ul>\n<\/li>\n\n\n\n<li class=\"has-medium-font-size\">Ifj\u00fas\u00e1gi udvar: Sz\u0151ke Bal\u00e1zs<\/li>\n\n\n\n<li class=\"has-medium-font-size\">Outdoor. Katona Mih\u00e1ly<\/li>\n\n\n\n<li class=\"has-medium-font-size\">Videost\u00e1b-koordin\u00e1tor: Lepedus-Sisko P\u00e9ter<\/li>\n\n\n\n<li class=\"has-medium-font-size\">Vide\u00f3: \n<ul class=\"wp-block-list\">\n<li>Rokaly Bal\u00e1zs<\/li>\n\n\n\n<li>Cs\u00e9p Gerg\u0151<\/li>\n\n\n\n<li>Szab\u00f3 Tam\u00e1s<\/li>\n\n\n\n<li>Frunza Roland<\/li>\n\n\n\n<li>Laczk\u00f3 Tibo<\/li>\n\n\n\n<li>Luk\u00e1cs Gergely<\/li>\n<\/ul>\n<\/li>\n\n\n\n<li class=\"has-medium-font-size\">Sz\u00e1ll\u00e1sfelel\u0151s: P\u00e9ter Kata<\/li>\n\n\n\n<li class=\"has-medium-font-size\">T\u00f6rdel\u0151: Fazakas Botond<\/li>\n\n\n\n<li class=\"has-medium-font-size\">Design:\n<ul class=\"wp-block-list\">\n<li>Bogyor Tas<\/li>\n\n\n\n<li>Szentes Z\u00e1gon<\/li>\n\n\n\n<li>Nagy Andrea<\/li>\n<\/ul>\n<\/li>\n\n\n\n<li class=\"has-medium-font-size\">Technikai csapat koordin\u00e1tor: Benk\u0151 L\u00e1szl\u00f3 Levente<\/li>\n\n\n\n<li class=\"has-medium-font-size\">Technikai csapat:\n<ul class=\"wp-block-list\">\n<li>G\u00e1l-S\u00e9mer B\u00e1lint<\/li>\n\n\n\n<li>P\u00e1ll Csongor<\/li>\n\n\n\n<li>Sprencz R\u00f3bert<\/li>\n\n\n\n<li>Szab\u00f3 Gergely<\/li>\n\n\n\n<li>R\u00fcsz-Fogarasi M\u00e1ty\u00e1s<\/li>\n\n\n\n<li>Istv\u00e1nfi Szabolcs Mih\u00e1ly<\/li>\n\n\n\n<li>Mik\u00f3 L\u0151rinc<\/li>\n<\/ul>\n<\/li>\n\n\n\n<li class=\"has-medium-font-size\">Technika: Mikl\u00f3s K\u00e1roly<\/li>\n\n\n\n<li class=\"has-medium-font-size\">AC \/ DC: Tak\u00e1cs L\u00e1szl\u00f3 &#8211; Taki<\/li>\n\n\n\n<li class=\"has-medium-font-size\">Sof\u0151r\/Logisztika: Albert G\u00e1bor<\/li>\n\n\n\n<li class=\"has-medium-font-size\">K\u00f6nyvv\u00e1s\u00e1r: Szikszai Attila<\/li>\n\n\n\n<li class=\"has-medium-font-size\">\u00d6r\u00f6mf\u0151z\u00e9s: Boros Lor\u00e1nd<\/li>\n\n\n\n<li class=\"has-medium-font-size\">KMN Donaton: Grab\u00e1n Zsolt<\/li>\n\n\n\n<li class=\"has-medium-font-size\">KMN-iroda: Sz\u00e9kely Adrienn<\/li>\n\n\n\n<li class=\"has-medium-font-size\">Backstage:\n<ul class=\"wp-block-list\">\n<li>Horv\u00e1th R\u00e9ka<\/li>\n\n\n\n<li>Kov\u00e1cs Fl\u00f3ra Anna<\/li>\n\n\n\n<li>T\u00f3th T\u00edmea<\/li>\n<\/ul>\n<\/li>\n\n\n\n<li class=\"has-medium-font-size\">Bemond\u00f3:\n<ul class=\"wp-block-list\">\n<li>Spitzer Judit<\/li>\n\n\n\n<li>Forrai Szer\u00e9nke<\/li>\n\n\n\n<li>Farkas Lor\u00e1nd<\/li>\n<\/ul>\n<\/li>\n\n\n\n<li class=\"has-medium-font-size\">Toronyl\u00e1togat\u00e1s: K\u00e1ntor Adri\u00e1n<\/li>\n\n\n\n<li class=\"has-medium-font-size\">Orgonat\u00fara: Sipos D\u00e1vid<\/li>\n\n\n\n<li class=\"has-medium-font-size\">Katasztr\u00f3fav\u00e9delem: Mugur Urian<\/li>\n\n\n\n<li class=\"has-medium-font-size\">Bels\u0151 ellen\u0151rz\u00e9:s Radu Petreanu<\/li>\n\n\n\n<li class=\"has-medium-font-size\">Szent Istv\u00e1n-napi N\u00e9pt\u00e1nctal\u00e1lkoz\u00f3: Pillich Bal\u00e1zs<\/li>\n\n\n\n<li class=\"has-medium-font-size\">\u00c1llattani M\u00fazeum-s\u00e9t\u00e1k: Osv\u00e1th Gergely<\/li>\n\n\n\n<li class=\"has-medium-font-size\">Bork\u00f3stol\u00f3k: Vincze L\u00e1szl\u00f3<\/li>\n\n\n\n<li class=\"has-medium-font-size\">Borutca-felel\u0151s:\n<ul class=\"wp-block-list\">\n<li>G\u00fcndisch Zolt\u00e1n<\/li>\n\n\n\n<li>Kormos Zolt\u00e1n<\/li>\n\n\n\n<li>Mik\u00f3 Gergely<\/li>\n<\/ul>\n<\/li>\n\n\n\n<li class=\"has-medium-font-size\">Folkudvar-felel\u0151s:\n<ul class=\"wp-block-list\">\n<li>Lakatos Eszter<\/li>\n\n\n\n<li>T\u00f3th Katalin<\/li>\n<\/ul>\n<\/li>\n\n\n\n<li class=\"has-medium-font-size\">Gyermekprogramok felel\u0151se: Matekovits Hajnalka<\/li>\n\n\n\n<li class=\"has-medium-font-size\">Helikon: Demeter Zsuzsa<\/li>\n\n\n\n<li class=\"has-medium-font-size\">Irodalmi programok felel\u0151se: Sz\u00e1ntai J\u00e1nos<\/li>\n\n\n\n<li class=\"has-medium-font-size\">K\u00e9zm\u0171vesv\u00e1s\u00e1r felel\u0151se:\n<ul class=\"wp-block-list\">\n<li>Moln\u00e1r Attila<\/li>\n\n\n\n<li>Sz\u00e9n\u00e1si Zsolt<\/li>\n\n\n\n<li>Sz\u00e9n\u00e1si Szid\u00f3nia<\/li>\n<\/ul>\n<\/li>\n\n\n\n<li class=\"has-medium-font-size\">Kolozsv\u00e1ri Magyar Filmnapok felel\u0151se: Szenkovics Dezs\u0151<\/li>\n\n\n\n<li class=\"has-medium-font-size\">Magyarorsz\u00e1g Kolozsv\u00e1ri F\u0151konzul\u00e1tusa programjainak felel\u0151se:\n<ul class=\"wp-block-list\">\n<li>Grezsa Csaba<\/li>\n\n\n\n<li>Demeter Katalin<\/li>\n\n\n\n<li>Dinya Judit<\/li>\n\n\n\n<li>Mile Bal\u00e1zs<\/li>\n<\/ul>\n<\/li>\n\n\n\n<li class=\"has-medium-font-size\">M\u00fazeumok s\u00e9t\u00e1nya felel\u0151se: Kacs\u00f3-Fenyves Ad\u00e9l<\/li>\n\n\n\n<li class=\"has-medium-font-size\">V\u00e1rosn\u00e9z\u0151 s\u00e9ta:\n<ul class=\"wp-block-list\">\n<li>Kov\u00e1cs Zsolt<\/li>\n\n\n\n<li>Luk\u00e1cs J\u00f3zsef<\/li>\n\n\n\n<li>Pak\u00f3 Kl\u00e1ra<\/li>\n\n\n\n<li>Cosmin C. Rusu<\/li>\n\n\n\n<li>T\u00f3th-G\u00f6dri Iring\u00f3<\/li>\n\n\n\n<li>Z\u00e1goni Bal\u00e1zs<\/li>\n<\/ul>\n<\/li>\n<\/ul>\n","protected":false},"excerpt":{"rendered":"","protected":false},"author":1,"featured_media":0,"parent":0,"menu_order":0,"comment_status":"closed","ping_status":"closed","template":"","meta":{"_acf_changed":false,"footnotes":""},"class_list":["post-1401","page","type-page","status-publish","hentry"],"acf":[],"yoast_head":"<!-- This site is optimized with the Yoast SEO plugin v23.0 - https:\/\/yoast.com\/wordpress\/plugins\/seo\/ -->\n<title>A szervez\u0151csapat - Kolozsv\u00e1ri Magyar Napok 2024<\/title>\n<meta name=\"robots\" content=\"index, follow, max-snippet:-1, max-image-preview:large, max-video-preview:-1\" \/>\n<link rel=\"canonical\" href=\"https:\/\/magyarnapok.ro\/2024\/a-szervezocsapat\/\" \/>\n<meta property=\"og:locale\" content=\"hu_HU\" \/>\n<meta property=\"og:type\" content=\"article\" \/>\n<meta property=\"og:title\" content=\"A szervez\u0151csapat - Kolozsv\u00e1ri Magyar Napok 2024\" \/>\n<meta property=\"og:url\" content=\"https:\/\/magyarnapok.ro\/2024\/a-szervezocsapat\/\" \/>\n<meta property=\"og:site_name\" content=\"Kolozsv\u00e1ri Magyar Napok 2024\" \/>\n<meta property=\"article:publisher\" content=\"https:\/\/www.facebook.com\/magyarnapok\" \/>\n<meta property=\"article:modified_time\" content=\"2025-04-15T09:14:58+00:00\" \/>\n<meta property=\"og:image\" content=\"https:\/\/magyarnapok.ro\/2024\/wp-content\/uploads\/2024\/06\/KMN2024-www-intro-hu-01.jpg\" \/>\n\t<meta property=\"og:image:width\" content=\"1920\" \/>\n\t<meta property=\"og:image:height\" content=\"1080\" \/>\n\t<meta property=\"og:image:type\" content=\"image\/jpeg\" \/>\n<meta name=\"twitter:card\" content=\"summary_large_image\" \/>\n<meta name=\"twitter:label1\" content=\"Becs\u00fclt olvas\u00e1si id\u0151\" \/>\n\t<meta name=\"twitter:data1\" content=\"2 perc\" \/>\n<script type=\"application\/ld+json\" class=\"yoast-schema-graph\">{\"@context\":\"https:\/\/schema.org\",\"@graph\":[{\"@type\":\"WebPage\",\"@id\":\"https:\/\/magyarnapok.ro\/2024\/a-szervezocsapat\/\",\"url\":\"https:\/\/magyarnapok.ro\/2024\/a-szervezocsapat\/\",\"name\":\"A szervez\u0151csapat - Kolozsv\u00e1ri Magyar Napok 2024\",\"isPartOf\":{\"@id\":\"https:\/\/magyarnapok.ro\/2024\/#website\"},\"datePublished\":\"2024-07-16T22:13:07+00:00\",\"dateModified\":\"2025-04-15T09:14:58+00:00\",\"breadcrumb\":{\"@id\":\"https:\/\/magyarnapok.ro\/2024\/a-szervezocsapat\/#breadcrumb\"},\"inLanguage\":\"hu\",\"potentialAction\":[{\"@type\":\"ReadAction\",\"target\":[\"https:\/\/magyarnapok.ro\/2024\/a-szervezocsapat\/\"]}]},{\"@type\":\"BreadcrumbList\",\"@id\":\"https:\/\/magyarnapok.ro\/2024\/a-szervezocsapat\/#breadcrumb\",\"itemListElement\":[{\"@type\":\"ListItem\",\"position\":1,\"name\":\"Home\",\"item\":\"https:\/\/magyarnapok.ro\/2024\/\"},{\"@type\":\"ListItem\",\"position\":2,\"name\":\"A szervez\u0151csapat\"}]},{\"@type\":\"WebSite\",\"@id\":\"https:\/\/magyarnapok.ro\/2024\/#website\",\"url\":\"https:\/\/magyarnapok.ro\/2024\/\",\"name\":\"Kolozsv\u00e1ri Magyar Napok 2024\",\"description\":\"A h\u00e9t meg a nyolc\u00e1t!\",\"publisher\":{\"@id\":\"https:\/\/magyarnapok.ro\/2024\/#organization\"},\"potentialAction\":[{\"@type\":\"SearchAction\",\"target\":{\"@type\":\"EntryPoint\",\"urlTemplate\":\"https:\/\/magyarnapok.ro\/2024\/?s={search_term_string}\"},\"query-input\":\"required name=search_term_string\"}],\"inLanguage\":\"hu\"},{\"@type\":\"Organization\",\"@id\":\"https:\/\/magyarnapok.ro\/2024\/#organization\",\"name\":\"Kolozsv\u00e1ri Magyar Napok\",\"url\":\"https:\/\/magyarnapok.ro\/2024\/\",\"logo\":{\"@type\":\"ImageObject\",\"inLanguage\":\"hu\",\"@id\":\"https:\/\/magyarnapok.ro\/2024\/#\/schema\/logo\/image\/\",\"url\":\"https:\/\/magyarnapok.ro\/2024\/wp-content\/uploads\/2024\/04\/kmn_15_logo.png\",\"contentUrl\":\"https:\/\/magyarnapok.ro\/2024\/wp-content\/uploads\/2024\/04\/kmn_15_logo.png\",\"width\":385,\"height\":362,\"caption\":\"Kolozsv\u00e1ri Magyar Napok\"},\"image\":{\"@id\":\"https:\/\/magyarnapok.ro\/2024\/#\/schema\/logo\/image\/\"},\"sameAs\":[\"https:\/\/www.facebook.com\/magyarnapok\",\"https:\/\/www.instagram.com\/magyarnapok\/\",\"https:\/\/www.youtube.com\/c\/KolozsvriMagyarNapok2015\"]}]}<\/script>\n<!-- \/ Yoast SEO plugin. -->","yoast_head_json":{"title":"A szervez\u0151csapat - Kolozsv\u00e1ri Magyar Napok 2024","robots":{"index":"index","follow":"follow","max-snippet":"max-snippet:-1","max-image-preview":"max-image-preview:large","max-video-preview":"max-video-preview:-1"},"canonical":"https:\/\/magyarnapok.ro\/2024\/a-szervezocsapat\/","og_locale":"hu_HU","og_type":"article","og_title":"A szervez\u0151csapat - Kolozsv\u00e1ri Magyar Napok 2024","og_url":"https:\/\/magyarnapok.ro\/2024\/a-szervezocsapat\/","og_site_name":"Kolozsv\u00e1ri Magyar Napok 2024","article_publisher":"https:\/\/www.facebook.com\/magyarnapok","article_modified_time":"2025-04-15T09:14:58+00:00","og_image":[{"width":1920,"height":1080,"url":"https:\/\/magyarnapok.ro\/2024\/wp-content\/uploads\/2024\/06\/KMN2024-www-intro-hu-01.jpg","type":"image\/jpeg"}],"twitter_card":"summary_large_image","twitter_misc":{"Becs\u00fclt olvas\u00e1si id\u0151":"2 perc"},"schema":{"@context":"https:\/\/schema.org","@graph":[{"@type":"WebPage","@id":"https:\/\/magyarnapok.ro\/2024\/a-szervezocsapat\/","url":"https:\/\/magyarnapok.ro\/2024\/a-szervezocsapat\/","name":"A szervez\u0151csapat - Kolozsv\u00e1ri Magyar Napok 2024","isPartOf":{"@id":"https:\/\/magyarnapok.ro\/2024\/#website"},"datePublished":"2024-07-16T22:13:07+00:00","dateModified":"2025-04-15T09:14:58+00:00","breadcrumb":{"@id":"https:\/\/magyarnapok.ro\/2024\/a-szervezocsapat\/#breadcrumb"},"inLanguage":"hu","potentialAction":[{"@type":"ReadAction","target":["https:\/\/magyarnapok.ro\/2024\/a-szervezocsapat\/"]}]},{"@type":"BreadcrumbList","@id":"https:\/\/magyarnapok.ro\/2024\/a-szervezocsapat\/#breadcrumb","itemListElement":[{"@type":"ListItem","position":1,"name":"Home","item":"https:\/\/magyarnapok.ro\/2024\/"},{"@type":"ListItem","position":2,"name":"A szervez\u0151csapat"}]},{"@type":"WebSite","@id":"https:\/\/magyarnapok.ro\/2024\/#website","url":"https:\/\/magyarnapok.ro\/2024\/","name":"Kolozsv\u00e1ri Magyar Napok 2024","description":"A h\u00e9t meg a nyolc\u00e1t!","publisher":{"@id":"https:\/\/magyarnapok.ro\/2024\/#organization"},"potentialAction":[{"@type":"SearchAction","target":{"@type":"EntryPoint","urlTemplate":"https:\/\/magyarnapok.ro\/2024\/?s={search_term_string}"},"query-input":"required name=search_term_string"}],"inLanguage":"hu"},{"@type":"Organization","@id":"https:\/\/magyarnapok.ro\/2024\/#organization","name":"Kolozsv\u00e1ri Magyar Napok","url":"https:\/\/magyarnapok.ro\/2024\/","logo":{"@type":"ImageObject","inLanguage":"hu","@id":"https:\/\/magyarnapok.ro\/2024\/#\/schema\/logo\/image\/","url":"https:\/\/magyarnapok.ro\/2024\/wp-content\/uploads\/2024\/04\/kmn_15_logo.png","contentUrl":"https:\/\/magyarnapok.ro\/2024\/wp-content\/uploads\/2024\/04\/kmn_15_logo.png","width":385,"height":362,"caption":"Kolozsv\u00e1ri Magyar Napok"},"image":{"@id":"https:\/\/magyarnapok.ro\/2024\/#\/schema\/logo\/image\/"},"sameAs":["https:\/\/www.facebook.com\/magyarnapok","https:\/\/www.instagram.com\/magyarnapok\/","https:\/\/www.youtube.com\/c\/KolozsvriMagyarNapok2015"]}]}},"_links":{"self":[{"href":"https:\/\/magyarnapok.ro\/2024\/wp-json\/wp\/v2\/pages\/1401","targetHints":{"allow":["GET"]}}],"collection":[{"href":"https:\/\/magyarnapok.ro\/2024\/wp-json\/wp\/v2\/pages"}],"about":[{"href":"https:\/\/magyarnapok.ro\/2024\/wp-json\/wp\/v2\/types\/page"}],"author":[{"embeddable":true,"href":"https:\/\/magyarnapok.ro\/2024\/wp-json\/wp\/v2\/users\/1"}],"replies":[{"embeddable":true,"href":"https:\/\/magyarnapok.ro\/2024\/wp-json\/wp\/v2\/comments?post=1401"}],"version-history":[{"count":8,"href":"https:\/\/magyarnapok.ro\/2024\/wp-json\/wp\/v2\/pages\/1401\/revisions"}],"predecessor-version":[{"id":3391,"href":"https:\/\/magyarnapok.ro\/2024\/wp-json\/wp\/v2\/pages\/1401\/revisions\/3391"}],"wp:attachment":[{"href":"https:\/\/magyarnapok.ro\/2024\/wp-json\/wp\/v2\/media?parent=1401"}],"curies":[{"name":"wp","href":"https:\/\/api.w.org\/{rel}","templated":true}]}}