{"id":5612,"date":"2024-07-17T01:13:07","date_gmt":"2024-07-16T22:13:07","guid":{"rendered":"https:\/\/magyarnapok.ro\/2024\/?page_id=1401"},"modified":"2025-08-14T13:13:00","modified_gmt":"2025-08-14T10:13:00","slug":"a-szervezocsapat","status":"publish","type":"page","link":"https:\/\/magyarnapok.ro\/2025\/a-szervezocsapat\/","title":{"rendered":"A szervez\u0151csapat"},"content":{"rendered":"\n<ul class=\"wp-block-list\">\n<li class=\"has-medium-font-size\">F\u0151szervez\u0151: Gergely Bal\u00e1zs<\/li>\n\n\n\n<li class=\"has-medium-font-size\">Programigazgat\u00f3: Szab\u00f3 Lilla<\/li>\n\n\n\n<li class=\"has-medium-font-size\">Gazdas\u00e1gi igazgat\u00f3: Csigi Levente<\/li>\n\n\n\n<li class=\"has-medium-font-size\">P\u00e9nz\u00fcgyi igazgat\u00f3: F\u00e1bi\u00e1n Botond<\/li>\n\n\n\n<li class=\"has-medium-font-size\">Arculat: K\u00f6nczey Elem\u00e9r<\/li>\n\n\n\n<li class=\"has-medium-font-size\">Technikai igazgat\u00f3: Borsos Levente<\/li>\n\n\n\n<li class=\"has-medium-font-size\">Irodavezet\u0151: Gergely Enik\u0151<\/li>\n\n\n\n<li class=\"has-medium-font-size\">Programigazgat\u00f3-asszisztens: Szil\u00e1gyi Adrien<\/li>\n\n\n\n<li class=\"has-medium-font-size\">Farkas utca koordin\u00e1tor: Sz\u00e1sz P\u00e9ter<\/li>\n\n\n\n<li class=\"has-medium-font-size\">Produkci\u00f3s menedzser: Gergely B\u00e1lint<\/li>\n\n\n\n<li class=\"has-medium-font-size\">Magyar kommunik\u00e1ci\u00f3s koordin\u00e1tor: Tor\u00f3 Tam\u00e1s<\/li>\n\n\n\n<li class=\"has-medium-font-size\">Sajt\u00f3f\u0151n\u00f6k: Lovassy Cseh Tam\u00e1s<\/li>\n\n\n\n<li class=\"has-medium-font-size\">Rom\u00e1n kommunik\u00e1ci\u00f3s koordin\u00e1tor: Laura Lauren\u021biu<\/li>\n\n\n\n<li class=\"has-medium-font-size\">Fot\u00f3st\u00e1b-koordin\u00e1tor: Vakarcs L\u00f3r\u00e1nd<\/li>\n\n\n\n<li class=\"has-medium-font-size\">Videost\u00e1b-koordin\u00e1tor: Lepedus-Sisko P\u00e9ter<\/li>\n\n\n\n<li class=\"has-medium-font-size\">Kommunik\u00e1ci\u00f3s asszisztens: Farkas Anna, M\u00e1t\u00f3-Sz\u00e9kely Orsolya<\/li>\n\n\n\n<li class=\"has-medium-font-size\">B\u00e1nffy-udvar koordin\u00e1tor: F\u00fcl\u00f6p \u00c1gnes, Mikl\u00f3s Gy\u00f6rgy<\/li>\n\n\n\n<li class=\"has-medium-font-size\">Protokoll: Sipos D\u00e1vid<\/li>\n\n\n\n<li class=\"has-medium-font-size\">Kommunik\u00e1ci\u00f3s csapat: Elena G\u0103d\u0103lean, Kasler Viktor, Gebe Zolt\u00e1n, Benk\u0151 Bor\u00f3ka, Mih\u00e1ly Kriszta, Ferencz \u00c1d\u00e1m<\/li>\n\n\n\n<li class=\"has-medium-font-size\">Honlap:  Rom\u00e1n Sarolta<\/li>\n\n\n\n<li class=\"has-medium-font-size\">Instagram: S\u00e1nta Orsolya<\/li>\n\n\n\n<li class=\"has-medium-font-size\">TikTok: M\u00f3zes Csan\u00e1d, D\u00e9nes Anna<\/li>\n\n\n\n<li class=\"has-medium-font-size\">Fot\u00f3s csapat: B\u00edr\u00f3 Istv\u00e1n, Radu Norbert, De\u00e1k Anita, Tompa R\u00e9ka, Szentes Z\u00e1gon, Makkai Zs\u00f3fi, M\u0103rcu\u021biu-R\u00e1cz D\u00f3ra, P\u00e1szka R\u00f3bert, Bec Norbert, Medgyesfalvi Robert<\/li>\n\n\n\n<li class=\"has-medium-font-size\">Vide\u00f3s csapat: Rokaly Bal\u00e1zs, Cs\u00e9p Gerg\u0151, Serest\u00e9ly Szil\u00e1rd, Laczk\u00f3 Tibor, Luk\u00e1cs Gergely<\/li>\n\n\n\n<li class=\"has-medium-font-size\">\u00d6nkorm\u00e1nyzati kapcsolattart\u00f3: Bibotean Anna-M\u00e1ria, Sz\u0151cs \u00c1gnes, T\u0103ma\u0219 Enya Andrea<\/li>\n\n\n\n<li class=\"has-medium-font-size\">KMN Bolt: Guly\u00e1s Beatrix, Bal\u00e1zs Emese, Kucsv\u00e1n Zsolt, Nagy Tam\u00e1s<\/li>\n\n\n\n<li class=\"has-medium-font-size\">KMN Bolt \/ Honlap: Cs\u00e1ki Tam\u00e1s<\/li>\n\n\n\n<li class=\"has-medium-font-size\">Vezet\u0151 koordin\u00e1tor &#8211; \u00f6nk\u00e9ntesek: L\u00e1szl\u00f3 Petra<\/li>\n\n\n\n<li class=\"has-medium-font-size\">\u00d6nk\u00e9nteskoordin\u00e1tor \u2013 Rohamcsapat: Dezs\u0151 Tam\u00e1s, Vincze Tam\u00e1s<\/li>\n\n\n\n<li class=\"has-medium-font-size\">\u00d6nk\u00e9nteskoordin\u00e1tor \u2013 Helysz\u00edni fel\u00fcgyelet: Luk\u00e1cs M\u00e1ty\u00e1s \u00c1goston<\/li>\n\n\n\n<li class=\"has-medium-font-size\">\u00d6nk\u00e9nteskoordin\u00e1tor \u2013 Inf\u00f3pont: Albert Kinga, Kov\u00e1cs Anna<\/li>\n\n\n\n<li class=\"has-medium-font-size\">\u00d6nk\u00e9nteskoordin\u00e1tor \u2013 \u00d6nk\u00e9ntesb\u00e1zis: S\u00e1ndor Anna Andrea, G\u00f6llner Blanka<\/li>\n\n\n\n<li class=\"has-medium-font-size\">\u00d6nk\u00e9nteskoordin\u00e1tor \u2013 B\u00e1nffy-udvar: Veress R\u00e9ka, Albert L\u00e1szl\u00f3<\/li>\n\n\n\n<li class=\"has-medium-font-size\">\u00d6nk\u00e9nteskoordin\u00e1tor \u2013 Donaton: Pakot Bence<\/li>\n\n\n\n<li class=\"has-medium-font-size\">Ifj\u00fas\u00e1gi udvar: Dezs\u0151 Janka, Gazda Fl\u00f3ra, Kelemen Kitti, Szikszai Bal\u00e1zs, Sz\u0151cs D\u00e1niel.<\/li>\n\n\n\n<li class=\"has-medium-font-size\">KMN k\u00e1v\u00e9z\u00f3: Keresztesy R\u00f3bert<\/li>\n\n\n\n<li class=\"has-medium-font-size\">Gy\u00e1rt\u00e1s: Katona Mih\u00e1ly<\/li>\n\n\n\n<li class=\"has-medium-font-size\">Sz\u00e1ll\u00e1sfelel\u0151s: P\u00e9ter Kata<\/li>\n\n\n\n<li class=\"has-medium-font-size\">T\u00f6rdel\u0151: Fazakas Botond<\/li>\n\n\n\n<li class=\"has-medium-font-size\">Design: Bogyor Tas, Szentes Z\u00e1gon, Nagy Andrea<\/li>\n\n\n\n<li class=\"has-medium-font-size\">Technikai csapat koordin\u00e1tor: Benk\u0151 L\u00e1szl\u00f3 Levente<\/li>\n\n\n\n<li class=\"has-medium-font-size\">Technikai csapat: G\u00e1l-S\u00e9mer B\u00e1lint, P\u00e1ll Csongor, Czak\u00f3 M\u00e1rk, K\u00f6nczey Magor, Dim\u00e9ny Zal\u00e1n, Mik\u00f3 L\u0151rinc<\/li>\n\n\n\n<li class=\"has-medium-font-size\">Technika Mikl\u00f3s K\u00e1roly<\/li>\n\n\n\n<li class=\"has-medium-font-size\">AC \/ DC: Tak\u00e1cs L\u00e1szl\u00f3<\/li>\n\n\n\n<li class=\"has-medium-font-size\">Sof\u0151r\/Logisztika: Albert G\u00e1bor<\/li>\n\n\n\n<li class=\"has-medium-font-size\">K\u00f6nyvv\u00e1s\u00e1r: Szikszai Attila<\/li>\n\n\n\n<li class=\"has-medium-font-size\">\u00d6r\u00f6mf\u0151z\u00e9s: Szab\u00f3 Kriszta<\/li>\n\n\n\n<li class=\"has-medium-font-size\">KMN Donaton: Grab\u00e1n Zsolt<\/li>\n\n\n\n<li class=\"has-medium-font-size\">KMN Donaton: Bogya Zolt\u00e1n<\/li>\n\n\n\n<li class=\"has-medium-font-size\">KMN-iroda: Sz\u00e9kely Adrienn<\/li>\n\n\n\n<li class=\"has-medium-font-size\">Backstage: Horv\u00e1th R\u00e9ka, Juh\u00e1sz Evelin, F\u00fcl\u00f6p \u00cdrisz<\/li>\n\n\n\n<li class=\"has-medium-font-size\">Bemond\u00f3: Spitzer Judit, Forrai Szer\u00e9nke, Farkas Lor\u00e1nd<\/li>\n\n\n\n<li class=\"has-medium-font-size\">Orgonat\u00fara: Fazekas \u00c1d\u00e1m S\u00e1ndor<\/li>\n\n\n\n<li class=\"has-medium-font-size\">Szent Istv\u00e1n-napi N\u00e9pt\u00e1nctal\u00e1lkoz\u00f3: Pillich Bal\u00e1zs<\/li>\n\n\n\n<li class=\"has-medium-font-size\">\u00c1llattani M\u00fazeum-s\u00e9t\u00e1k: Osv\u00e1th Gergely<\/li>\n\n\n\n<li class=\"has-medium-font-size\">Bork\u00f3stol\u00f3k: Vincze L\u00e1szl\u00f3<\/li>\n\n\n\n<li class=\"has-medium-font-size\">Borutca-felel\u0151s: G\u00fcndisch Zolt\u00e1n, G\u00e1l Istv\u00e1n, B\u00f3n\u00e9 Tibor<\/li>\n\n\n\n<li class=\"has-medium-font-size\">Borutca-felel\u0151s: T\u00f3th Attila, Sz\u00e9ll Gerg\u0151 J\u00f3zsef, Boroica Riciardo-Szabolcs-Gabriel<\/li>\n\n\n\n<li class=\"has-medium-font-size\">Folkudvar-felel\u0151s L\u00e1szl\u00f3 Eszter, Lakatos Eszter, T\u00f3th Katalin<\/li>\n\n\n\n<li class=\"has-medium-font-size\">Gyermekprogramok felel\u0151se: Matekovits Hajnalka<\/li>\n\n\n\n<li class=\"has-medium-font-size\">Helikon: Demeter Zsuzsa<\/li>\n\n\n\n<li class=\"has-medium-font-size\">Irodalmi programok felel\u0151se: Sz\u00e1ntai J\u00e1nos<\/li>\n\n\n\n<li class=\"has-medium-font-size\">K\u00e9zm\u0171vesv\u00e1s\u00e1r felel\u0151se: Moln\u00e1r Attila, Sz\u00e9n\u00e1si Szid\u00f3nia, V\u00e9gh \u00c9va<\/li>\n\n\n\n<li class=\"has-medium-font-size\">Kolozsv\u00e1ri Magyar Filmnapok felel\u0151se Szenkovics Dezs\u0151, Dobai Vir\u00e1g<\/li>\n\n\n\n<li class=\"has-medium-font-size\">Magyarorsz\u00e1g Kolozsv\u00e1ri F\u0151konzul\u00e1tusa: Grezsa Csaba, Kiss Vill\u0151<\/li>\n\n\n\n<li class=\"has-medium-font-size\">M\u00fazeumok s\u00e9t\u00e1nya felel\u0151se: Kacs\u00f3-Fenyves Ad\u00e9l<\/li>\n\n\n\n<li class=\"has-medium-font-size\">V\u00e1rosn\u00e9z\u0151 s\u00e9t\u00e1k: G\u00e1l Zs\u00f3fia, Luk\u00e1cs J\u00f3zsef, Pak\u00f3 Kl\u00e1ra, P\u00e1l Emese, Cosmin C. Rusu, T\u00f3th-G\u00f6dri Iring\u00f3<\/li>\n<\/ul>\n\n\n\n<p><\/p>\n","protected":false},"excerpt":{"rendered":"","protected":false},"author":1,"featured_media":0,"parent":0,"menu_order":0,"comment_status":"closed","ping_status":"closed","template":"","meta":{"_acf_changed":false,"footnotes":""},"class_list":["post-5612","page","type-page","status-publish","hentry"],"acf":[],"yoast_head":"<!-- This site is optimized with the Yoast SEO plugin v25.5 - https:\/\/yoast.com\/wordpress\/plugins\/seo\/ -->\n<title>A szervez\u0151csapat - Kolozsv\u00e1ri Magyar Napok 2025<\/title>\n<meta name=\"robots\" content=\"index, follow, max-snippet:-1, max-image-preview:large, max-video-preview:-1\" \/>\n<link rel=\"canonical\" href=\"https:\/\/magyarnapok.ro\/2025\/a-szervezocsapat\/\" \/>\n<meta property=\"og:locale\" content=\"hu_HU\" \/>\n<meta property=\"og:type\" content=\"article\" \/>\n<meta property=\"og:title\" content=\"A szervez\u0151csapat - Kolozsv\u00e1ri Magyar Napok 2025\" \/>\n<meta property=\"og:url\" content=\"https:\/\/magyarnapok.ro\/2025\/a-szervezocsapat\/\" \/>\n<meta property=\"og:site_name\" content=\"Kolozsv\u00e1ri Magyar Napok 2025\" \/>\n<meta property=\"article:publisher\" content=\"https:\/\/www.facebook.com\/magyarnapok\" \/>\n<meta property=\"article:modified_time\" content=\"2025-08-14T10:13:00+00:00\" \/>\n<meta property=\"og:image\" content=\"https:\/\/magyarnapok.ro\/2025\/wp-content\/uploads\/2025\/05\/485694376_1062361985926068_5090177832635925361_n.png\" \/>\n\t<meta property=\"og:image:width\" content=\"1980\" \/>\n\t<meta property=\"og:image:height\" content=\"1080\" \/>\n\t<meta property=\"og:image:type\" content=\"image\/png\" \/>\n<meta name=\"twitter:card\" content=\"summary_large_image\" \/>\n<meta name=\"twitter:label1\" content=\"Becs\u00fclt olvas\u00e1si id\u0151\" \/>\n\t<meta name=\"twitter:data1\" content=\"3 perc\" \/>\n<script type=\"application\/ld+json\" class=\"yoast-schema-graph\">{\"@context\":\"https:\/\/schema.org\",\"@graph\":[{\"@type\":\"WebPage\",\"@id\":\"https:\/\/magyarnapok.ro\/2025\/a-szervezocsapat\/\",\"url\":\"https:\/\/magyarnapok.ro\/2025\/a-szervezocsapat\/\",\"name\":\"A szervez\u0151csapat - Kolozsv\u00e1ri Magyar Napok 2025\",\"isPartOf\":{\"@id\":\"https:\/\/magyarnapok.ro\/2025\/#website\"},\"datePublished\":\"2024-07-16T22:13:07+00:00\",\"dateModified\":\"2025-08-14T10:13:00+00:00\",\"breadcrumb\":{\"@id\":\"https:\/\/magyarnapok.ro\/2025\/a-szervezocsapat\/#breadcrumb\"},\"inLanguage\":\"hu\",\"potentialAction\":[{\"@type\":\"ReadAction\",\"target\":[\"https:\/\/magyarnapok.ro\/2025\/a-szervezocsapat\/\"]}]},{\"@type\":\"BreadcrumbList\",\"@id\":\"https:\/\/magyarnapok.ro\/2025\/a-szervezocsapat\/#breadcrumb\",\"itemListElement\":[{\"@type\":\"ListItem\",\"position\":1,\"name\":\"Kezd\u0151lap\",\"item\":\"https:\/\/magyarnapok.ro\/2025\/\"},{\"@type\":\"ListItem\",\"position\":2,\"name\":\"A szervez\u0151csapat\"}]},{\"@type\":\"WebSite\",\"@id\":\"https:\/\/magyarnapok.ro\/2025\/#website\",\"url\":\"https:\/\/magyarnapok.ro\/2025\/\",\"name\":\"Kolozsv\u00e1ri Magyar Napok 2025\",\"description\":\"Helyben vagyunk!\",\"publisher\":{\"@id\":\"https:\/\/magyarnapok.ro\/2025\/#organization\"},\"potentialAction\":[{\"@type\":\"SearchAction\",\"target\":{\"@type\":\"EntryPoint\",\"urlTemplate\":\"https:\/\/magyarnapok.ro\/2025\/?s={search_term_string}\"},\"query-input\":{\"@type\":\"PropertyValueSpecification\",\"valueRequired\":true,\"valueName\":\"search_term_string\"}}],\"inLanguage\":\"hu\"},{\"@type\":\"Organization\",\"@id\":\"https:\/\/magyarnapok.ro\/2025\/#organization\",\"name\":\"Kolozsv\u00e1ri Magyar Napok 2025\",\"url\":\"https:\/\/magyarnapok.ro\/2025\/\",\"logo\":{\"@type\":\"ImageObject\",\"inLanguage\":\"hu\",\"@id\":\"https:\/\/magyarnapok.ro\/2025\/#\/schema\/logo\/image\/\",\"url\":\"https:\/\/magyarnapok.ro\/2025\/wp-content\/uploads\/2024\/03\/KMN2023-www-logo-01.png\",\"contentUrl\":\"https:\/\/magyarnapok.ro\/2025\/wp-content\/uploads\/2024\/03\/KMN2023-www-logo-01.png\",\"width\":762,\"height\":589,\"caption\":\"Kolozsv\u00e1ri Magyar Napok 2025\"},\"image\":{\"@id\":\"https:\/\/magyarnapok.ro\/2025\/#\/schema\/logo\/image\/\"},\"sameAs\":[\"https:\/\/www.facebook.com\/magyarnapok\",\"https:\/\/www.instagram.com\/magyarnapok\/\",\"https:\/\/www.youtube.com\/c\/KolozsvriMagyarNapok2015\",\"https:\/\/www.tiktok.com\/@kmn_kolozsvar\"]}]}<\/script>\n<!-- \/ Yoast SEO plugin. -->","yoast_head_json":{"title":"A szervez\u0151csapat - Kolozsv\u00e1ri Magyar Napok 2025","robots":{"index":"index","follow":"follow","max-snippet":"max-snippet:-1","max-image-preview":"max-image-preview:large","max-video-preview":"max-video-preview:-1"},"canonical":"https:\/\/magyarnapok.ro\/2025\/a-szervezocsapat\/","og_locale":"hu_HU","og_type":"article","og_title":"A szervez\u0151csapat - Kolozsv\u00e1ri Magyar Napok 2025","og_url":"https:\/\/magyarnapok.ro\/2025\/a-szervezocsapat\/","og_site_name":"Kolozsv\u00e1ri Magyar Napok 2025","article_publisher":"https:\/\/www.facebook.com\/magyarnapok","article_modified_time":"2025-08-14T10:13:00+00:00","og_image":[{"width":1980,"height":1080,"url":"https:\/\/magyarnapok.ro\/2025\/wp-content\/uploads\/2025\/05\/485694376_1062361985926068_5090177832635925361_n.png","type":"image\/png"}],"twitter_card":"summary_large_image","twitter_misc":{"Becs\u00fclt olvas\u00e1si id\u0151":"3 perc"},"schema":{"@context":"https:\/\/schema.org","@graph":[{"@type":"WebPage","@id":"https:\/\/magyarnapok.ro\/2025\/a-szervezocsapat\/","url":"https:\/\/magyarnapok.ro\/2025\/a-szervezocsapat\/","name":"A szervez\u0151csapat - Kolozsv\u00e1ri Magyar Napok 2025","isPartOf":{"@id":"https:\/\/magyarnapok.ro\/2025\/#website"},"datePublished":"2024-07-16T22:13:07+00:00","dateModified":"2025-08-14T10:13:00+00:00","breadcrumb":{"@id":"https:\/\/magyarnapok.ro\/2025\/a-szervezocsapat\/#breadcrumb"},"inLanguage":"hu","potentialAction":[{"@type":"ReadAction","target":["https:\/\/magyarnapok.ro\/2025\/a-szervezocsapat\/"]}]},{"@type":"BreadcrumbList","@id":"https:\/\/magyarnapok.ro\/2025\/a-szervezocsapat\/#breadcrumb","itemListElement":[{"@type":"ListItem","position":1,"name":"Kezd\u0151lap","item":"https:\/\/magyarnapok.ro\/2025\/"},{"@type":"ListItem","position":2,"name":"A szervez\u0151csapat"}]},{"@type":"WebSite","@id":"https:\/\/magyarnapok.ro\/2025\/#website","url":"https:\/\/magyarnapok.ro\/2025\/","name":"Kolozsv\u00e1ri Magyar Napok 2025","description":"Helyben vagyunk!","publisher":{"@id":"https:\/\/magyarnapok.ro\/2025\/#organization"},"potentialAction":[{"@type":"SearchAction","target":{"@type":"EntryPoint","urlTemplate":"https:\/\/magyarnapok.ro\/2025\/?s={search_term_string}"},"query-input":{"@type":"PropertyValueSpecification","valueRequired":true,"valueName":"search_term_string"}}],"inLanguage":"hu"},{"@type":"Organization","@id":"https:\/\/magyarnapok.ro\/2025\/#organization","name":"Kolozsv\u00e1ri Magyar Napok 2025","url":"https:\/\/magyarnapok.ro\/2025\/","logo":{"@type":"ImageObject","inLanguage":"hu","@id":"https:\/\/magyarnapok.ro\/2025\/#\/schema\/logo\/image\/","url":"https:\/\/magyarnapok.ro\/2025\/wp-content\/uploads\/2024\/03\/KMN2023-www-logo-01.png","contentUrl":"https:\/\/magyarnapok.ro\/2025\/wp-content\/uploads\/2024\/03\/KMN2023-www-logo-01.png","width":762,"height":589,"caption":"Kolozsv\u00e1ri Magyar Napok 2025"},"image":{"@id":"https:\/\/magyarnapok.ro\/2025\/#\/schema\/logo\/image\/"},"sameAs":["https:\/\/www.facebook.com\/magyarnapok","https:\/\/www.instagram.com\/magyarnapok\/","https:\/\/www.youtube.com\/c\/KolozsvriMagyarNapok2015","https:\/\/www.tiktok.com\/@kmn_kolozsvar"]}]}},"lang":"hu","translations":{"hu":5612,"ro":5659},"pll_sync_post":[],"_links":{"self":[{"href":"https:\/\/magyarnapok.ro\/2025\/wp-json\/wp\/v2\/pages\/5612","targetHints":{"allow":["GET"]}}],"collection":[{"href":"https:\/\/magyarnapok.ro\/2025\/wp-json\/wp\/v2\/pages"}],"about":[{"href":"https:\/\/magyarnapok.ro\/2025\/wp-json\/wp\/v2\/types\/page"}],"author":[{"embeddable":true,"href":"https:\/\/magyarnapok.ro\/2025\/wp-json\/wp\/v2\/users\/1"}],"replies":[{"embeddable":true,"href":"https:\/\/magyarnapok.ro\/2025\/wp-json\/wp\/v2\/comments?post=5612"}],"version-history":[{"count":3,"href":"https:\/\/magyarnapok.ro\/2025\/wp-json\/wp\/v2\/pages\/5612\/revisions"}],"predecessor-version":[{"id":8642,"href":"https:\/\/magyarnapok.ro\/2025\/wp-json\/wp\/v2\/pages\/5612\/revisions\/8642"}],"wp:attachment":[{"href":"https:\/\/magyarnapok.ro\/2025\/wp-json\/wp\/v2\/media?parent=5612"}],"curies":[{"name":"wp","href":"https:\/\/api.w.org\/{rel}","templated":true}]}}