{"id":5652,"date":"2025-06-15T17:31:29","date_gmt":"2025-06-15T14:31:29","guid":{"rendered":"https:\/\/magyarnapok.ro\/2025\/?page_id=5652"},"modified":"2025-06-15T17:35:01","modified_gmt":"2025-06-15T14:35:01","slug":"despre-organizatori","status":"publish","type":"page","link":"https:\/\/magyarnapok.ro\/2025\/ro\/despre-organizatori\/","title":{"rendered":"Despre organizatori"},"content":{"rendered":"\n<p><strong>Asocia\u021bia Clujul Comoar\u0103<\/strong>&nbsp;a luat fiin\u021b\u0103 \u00een prim\u0103vara anului 2010 din dorin\u021ba fondatorilor de a crea \u0219i dezvolta cele mai bune colabor\u0103ri \u00eentre institu\u021biile civile, religioase, educa\u021bionale \u0219i politice din Cluj. Obiectivul principal al Asocia\u021biei este organizarea anual\u0103 a Zilelor Culturale Maghiare din Cluj. Festivalul \u00ee\u0219i propune prezentarea \u015fi promovarea valorilor \u0219i &nbsp;tradi\u0163iilor culturale maghiare din Transilvania, valorificarea poten\u021bialului turistic al Clujului, cooperarea intercultural\u0103, precum \u015fi consolidarea unui dialog cultural benefic \u00eentre to\u021bi cet\u0103\u021benii Clujului, indiferent de etnie.<\/p>\n\n\n\n<p>Pe l\u00e2ng\u0103 organizarea Zilelor Culturale Maghiare din Cluj, Asocia\u021bia acord\u0103 un interes sporit s\u0103rb\u0103toririi anivers\u0103rilor importante pentru comunitatea maghiar\u0103.<\/p>\n\n\n\n<p>Membrii Consiliului de conducere al Asocia\u021biei Clujul Comoar\u0103 sunt:<\/p>\n\n\n\n<p>\u2013 GERGELY Bal\u00e1zs, arheolog, pre\u0219edintele Asocia\u021biei Clujul Comoar\u0103<\/p>\n\n\n\n<p>\u2013 SZ\u00c9P Gyula, director, Opera Maghiar\u0103 din Cluj;<\/p>\n\n\n\n<p>\u2013 FEKETE Em\u0151ke, jurist, fost vice-pre\u0219edinte al Consiliului Jude\u021bean Cluj;<\/p>\n\n\n\n<p>\u2013 SZ\u00c9KELY Istv\u00e1n, politolog;<\/p>\n\n\n\n<p>\u2013 VADAS L\u00e1szl\u00f3, regizor de teatru;<\/p>\n\n\n\n<p>\u2013 CSIGI Levente, director economic, editura Kriterion.<\/p>\n\n\n\n<p>Datorit\u0103 profesiilor lor, membrii Consiliului de conducere ai asocia\u021biei s-au implicat \u0219i sunt implica\u021bi \u00een organizarea diferitelor evenimente culturale, precum \u0219i \u00een organizarea Zilelor Culturale Maghiare din Cluj. &nbsp;Din Consiliul de conducere a f\u0103cut parte \u0219i K\u00d6T\u0150 J\u00f3zsef (1939-2015), istoric de teatru, fost director al Teatrului Maghiar de Stat Cluj \u0219i fost deputat.<\/p>\n\n\n\n<p>Echipa organizatoric\u0103 este constituit\u0103 din acelea\u0219i persoane care au coordonat edi\u021biile precedente ale Zilelor Culturale Maghiare din Cluj, reu\u0219ind an de an s\u0103 atrag\u0103 un num\u0103r foarte mare de organiza\u021bii partenere, respectiv sute de voluntari. Din 2017, Zilele Culturale Maghiare din Cluj sunt co-organizate de&nbsp;<strong>Asocia\u021bia Zilele Culturale Maghiare din Cluj.<\/strong><\/p>\n","protected":false},"excerpt":{"rendered":"<p>Asocia\u021bia Clujul Comoar\u0103&nbsp;a luat fiin\u021b\u0103 \u00een prim\u0103vara anului 2010 din dorin\u021ba fondatorilor de a crea \u0219i dezvolta cele mai bune colabor\u0103ri \u00eentre institu\u021biile civile, religioase, educa\u021bionale \u0219i politice din Cluj. Obiectivul principal al Asocia\u021biei este organizarea anual\u0103 a Zilelor Culturale Maghiare din Cluj. Festivalul \u00ee\u0219i propune prezentarea \u015fi promovarea valorilor \u0219i &nbsp;tradi\u0163iilor culturale maghiare din [&hellip;]<\/p>\n","protected":false},"author":1,"featured_media":0,"parent":0,"menu_order":0,"comment_status":"closed","ping_status":"closed","template":"","meta":{"_acf_changed":false,"footnotes":""},"class_list":["post-5652","page","type-page","status-publish","hentry"],"acf":[],"yoast_head":"<!-- This site is optimized with the Yoast SEO plugin v25.5 - https:\/\/yoast.com\/wordpress\/plugins\/seo\/ -->\n<title>Despre organizatori - Kolozsv\u00e1ri Magyar Napok 2025<\/title>\n<meta name=\"robots\" content=\"index, follow, max-snippet:-1, max-image-preview:large, max-video-preview:-1\" \/>\n<link rel=\"canonical\" href=\"https:\/\/magyarnapok.ro\/2025\/ro\/despre-organizatori\/\" \/>\n<meta property=\"og:locale\" content=\"hu_HU\" \/>\n<meta property=\"og:type\" content=\"article\" \/>\n<meta property=\"og:title\" content=\"Despre organizatori - Kolozsv\u00e1ri Magyar Napok 2025\" \/>\n<meta property=\"og:description\" content=\"Asocia\u021bia Clujul Comoar\u0103&nbsp;a luat fiin\u021b\u0103 \u00een prim\u0103vara anului 2010 din dorin\u021ba fondatorilor de a crea \u0219i dezvolta cele mai bune colabor\u0103ri \u00eentre institu\u021biile civile, religioase, educa\u021bionale \u0219i politice din Cluj. Obiectivul principal al Asocia\u021biei este organizarea anual\u0103 a Zilelor Culturale Maghiare din Cluj. Festivalul \u00ee\u0219i propune prezentarea \u015fi promovarea valorilor \u0219i &nbsp;tradi\u0163iilor culturale maghiare din [&hellip;]\" \/>\n<meta property=\"og:url\" content=\"https:\/\/magyarnapok.ro\/2025\/ro\/despre-organizatori\/\" \/>\n<meta property=\"og:site_name\" content=\"Kolozsv\u00e1ri Magyar Napok 2025\" \/>\n<meta property=\"article:publisher\" content=\"https:\/\/www.facebook.com\/magyarnapok\" \/>\n<meta property=\"article:modified_time\" content=\"2025-06-15T14:35:01+00:00\" \/>\n<meta property=\"og:image\" content=\"https:\/\/magyarnapok.ro\/2025\/wp-content\/uploads\/2025\/05\/485694376_1062361985926068_5090177832635925361_n.png\" \/>\n\t<meta property=\"og:image:width\" content=\"1980\" \/>\n\t<meta property=\"og:image:height\" content=\"1080\" \/>\n\t<meta property=\"og:image:type\" content=\"image\/png\" \/>\n<meta name=\"twitter:card\" content=\"summary_large_image\" \/>\n<meta name=\"twitter:label1\" content=\"Becs\u00fclt olvas\u00e1si id\u0151\" \/>\n\t<meta name=\"twitter:data1\" content=\"2 perc\" \/>\n<script type=\"application\/ld+json\" class=\"yoast-schema-graph\">{\"@context\":\"https:\/\/schema.org\",\"@graph\":[{\"@type\":\"WebPage\",\"@id\":\"https:\/\/magyarnapok.ro\/2025\/ro\/despre-organizatori\/\",\"url\":\"https:\/\/magyarnapok.ro\/2025\/ro\/despre-organizatori\/\",\"name\":\"Despre organizatori - Kolozsv\u00e1ri Magyar Napok 2025\",\"isPartOf\":{\"@id\":\"https:\/\/magyarnapok.ro\/2025\/#website\"},\"datePublished\":\"2025-06-15T14:31:29+00:00\",\"dateModified\":\"2025-06-15T14:35:01+00:00\",\"breadcrumb\":{\"@id\":\"https:\/\/magyarnapok.ro\/2025\/ro\/despre-organizatori\/#breadcrumb\"},\"inLanguage\":\"hu\",\"potentialAction\":[{\"@type\":\"ReadAction\",\"target\":[\"https:\/\/magyarnapok.ro\/2025\/ro\/despre-organizatori\/\"]}]},{\"@type\":\"BreadcrumbList\",\"@id\":\"https:\/\/magyarnapok.ro\/2025\/ro\/despre-organizatori\/#breadcrumb\",\"itemListElement\":[{\"@type\":\"ListItem\",\"position\":1,\"name\":\"Kezd\u0151lap\",\"item\":\"https:\/\/magyarnapok.ro\/2025\/\"},{\"@type\":\"ListItem\",\"position\":2,\"name\":\"Despre organizatori\"}]},{\"@type\":\"WebSite\",\"@id\":\"https:\/\/magyarnapok.ro\/2025\/#website\",\"url\":\"https:\/\/magyarnapok.ro\/2025\/\",\"name\":\"Kolozsv\u00e1ri Magyar Napok 2025\",\"description\":\"Helyben vagyunk!\",\"publisher\":{\"@id\":\"https:\/\/magyarnapok.ro\/2025\/#organization\"},\"potentialAction\":[{\"@type\":\"SearchAction\",\"target\":{\"@type\":\"EntryPoint\",\"urlTemplate\":\"https:\/\/magyarnapok.ro\/2025\/?s={search_term_string}\"},\"query-input\":{\"@type\":\"PropertyValueSpecification\",\"valueRequired\":true,\"valueName\":\"search_term_string\"}}],\"inLanguage\":\"hu\"},{\"@type\":\"Organization\",\"@id\":\"https:\/\/magyarnapok.ro\/2025\/#organization\",\"name\":\"Kolozsv\u00e1ri Magyar Napok 2025\",\"url\":\"https:\/\/magyarnapok.ro\/2025\/\",\"logo\":{\"@type\":\"ImageObject\",\"inLanguage\":\"hu\",\"@id\":\"https:\/\/magyarnapok.ro\/2025\/#\/schema\/logo\/image\/\",\"url\":\"https:\/\/magyarnapok.ro\/2025\/wp-content\/uploads\/2024\/03\/KMN2023-www-logo-01.png\",\"contentUrl\":\"https:\/\/magyarnapok.ro\/2025\/wp-content\/uploads\/2024\/03\/KMN2023-www-logo-01.png\",\"width\":762,\"height\":589,\"caption\":\"Kolozsv\u00e1ri Magyar Napok 2025\"},\"image\":{\"@id\":\"https:\/\/magyarnapok.ro\/2025\/#\/schema\/logo\/image\/\"},\"sameAs\":[\"https:\/\/www.facebook.com\/magyarnapok\",\"https:\/\/www.instagram.com\/magyarnapok\/\",\"https:\/\/www.youtube.com\/c\/KolozsvriMagyarNapok2015\",\"https:\/\/www.tiktok.com\/@kmn_kolozsvar\"]}]}<\/script>\n<!-- \/ Yoast SEO plugin. -->","yoast_head_json":{"title":"Despre organizatori - Kolozsv\u00e1ri Magyar Napok 2025","robots":{"index":"index","follow":"follow","max-snippet":"max-snippet:-1","max-image-preview":"max-image-preview:large","max-video-preview":"max-video-preview:-1"},"canonical":"https:\/\/magyarnapok.ro\/2025\/ro\/despre-organizatori\/","og_locale":"hu_HU","og_type":"article","og_title":"Despre organizatori - Kolozsv\u00e1ri Magyar Napok 2025","og_description":"Asocia\u021bia Clujul Comoar\u0103&nbsp;a luat fiin\u021b\u0103 \u00een prim\u0103vara anului 2010 din dorin\u021ba fondatorilor de a crea \u0219i dezvolta cele mai bune colabor\u0103ri \u00eentre institu\u021biile civile, religioase, educa\u021bionale \u0219i politice din Cluj. Obiectivul principal al Asocia\u021biei este organizarea anual\u0103 a Zilelor Culturale Maghiare din Cluj. Festivalul \u00ee\u0219i propune prezentarea \u015fi promovarea valorilor \u0219i &nbsp;tradi\u0163iilor culturale maghiare din [&hellip;]","og_url":"https:\/\/magyarnapok.ro\/2025\/ro\/despre-organizatori\/","og_site_name":"Kolozsv\u00e1ri Magyar Napok 2025","article_publisher":"https:\/\/www.facebook.com\/magyarnapok","article_modified_time":"2025-06-15T14:35:01+00:00","og_image":[{"width":1980,"height":1080,"url":"https:\/\/magyarnapok.ro\/2025\/wp-content\/uploads\/2025\/05\/485694376_1062361985926068_5090177832635925361_n.png","type":"image\/png"}],"twitter_card":"summary_large_image","twitter_misc":{"Becs\u00fclt olvas\u00e1si id\u0151":"2 perc"},"schema":{"@context":"https:\/\/schema.org","@graph":[{"@type":"WebPage","@id":"https:\/\/magyarnapok.ro\/2025\/ro\/despre-organizatori\/","url":"https:\/\/magyarnapok.ro\/2025\/ro\/despre-organizatori\/","name":"Despre organizatori - Kolozsv\u00e1ri Magyar Napok 2025","isPartOf":{"@id":"https:\/\/magyarnapok.ro\/2025\/#website"},"datePublished":"2025-06-15T14:31:29+00:00","dateModified":"2025-06-15T14:35:01+00:00","breadcrumb":{"@id":"https:\/\/magyarnapok.ro\/2025\/ro\/despre-organizatori\/#breadcrumb"},"inLanguage":"hu","potentialAction":[{"@type":"ReadAction","target":["https:\/\/magyarnapok.ro\/2025\/ro\/despre-organizatori\/"]}]},{"@type":"BreadcrumbList","@id":"https:\/\/magyarnapok.ro\/2025\/ro\/despre-organizatori\/#breadcrumb","itemListElement":[{"@type":"ListItem","position":1,"name":"Kezd\u0151lap","item":"https:\/\/magyarnapok.ro\/2025\/"},{"@type":"ListItem","position":2,"name":"Despre organizatori"}]},{"@type":"WebSite","@id":"https:\/\/magyarnapok.ro\/2025\/#website","url":"https:\/\/magyarnapok.ro\/2025\/","name":"Kolozsv\u00e1ri Magyar Napok 2025","description":"Helyben vagyunk!","publisher":{"@id":"https:\/\/magyarnapok.ro\/2025\/#organization"},"potentialAction":[{"@type":"SearchAction","target":{"@type":"EntryPoint","urlTemplate":"https:\/\/magyarnapok.ro\/2025\/?s={search_term_string}"},"query-input":{"@type":"PropertyValueSpecification","valueRequired":true,"valueName":"search_term_string"}}],"inLanguage":"hu"},{"@type":"Organization","@id":"https:\/\/magyarnapok.ro\/2025\/#organization","name":"Kolozsv\u00e1ri Magyar Napok 2025","url":"https:\/\/magyarnapok.ro\/2025\/","logo":{"@type":"ImageObject","inLanguage":"hu","@id":"https:\/\/magyarnapok.ro\/2025\/#\/schema\/logo\/image\/","url":"https:\/\/magyarnapok.ro\/2025\/wp-content\/uploads\/2024\/03\/KMN2023-www-logo-01.png","contentUrl":"https:\/\/magyarnapok.ro\/2025\/wp-content\/uploads\/2024\/03\/KMN2023-www-logo-01.png","width":762,"height":589,"caption":"Kolozsv\u00e1ri Magyar Napok 2025"},"image":{"@id":"https:\/\/magyarnapok.ro\/2025\/#\/schema\/logo\/image\/"},"sameAs":["https:\/\/www.facebook.com\/magyarnapok","https:\/\/www.instagram.com\/magyarnapok\/","https:\/\/www.youtube.com\/c\/KolozsvriMagyarNapok2015","https:\/\/www.tiktok.com\/@kmn_kolozsvar"]}]}},"lang":"ro","translations":{"ro":5652,"hu":5610},"pll_sync_post":[],"_links":{"self":[{"href":"https:\/\/magyarnapok.ro\/2025\/wp-json\/wp\/v2\/pages\/5652","targetHints":{"allow":["GET"]}}],"collection":[{"href":"https:\/\/magyarnapok.ro\/2025\/wp-json\/wp\/v2\/pages"}],"about":[{"href":"https:\/\/magyarnapok.ro\/2025\/wp-json\/wp\/v2\/types\/page"}],"author":[{"embeddable":true,"href":"https:\/\/magyarnapok.ro\/2025\/wp-json\/wp\/v2\/users\/1"}],"replies":[{"embeddable":true,"href":"https:\/\/magyarnapok.ro\/2025\/wp-json\/wp\/v2\/comments?post=5652"}],"version-history":[{"count":3,"href":"https:\/\/magyarnapok.ro\/2025\/wp-json\/wp\/v2\/pages\/5652\/revisions"}],"predecessor-version":[{"id":5656,"href":"https:\/\/magyarnapok.ro\/2025\/wp-json\/wp\/v2\/pages\/5652\/revisions\/5656"}],"wp:attachment":[{"href":"https:\/\/magyarnapok.ro\/2025\/wp-json\/wp\/v2\/media?parent=5652"}],"curies":[{"name":"wp","href":"https:\/\/api.w.org\/{rel}","templated":true}]}}