{"id":5708,"date":"2025-06-19T00:31:25","date_gmt":"2025-06-18T21:31:25","guid":{"rendered":"https:\/\/magyarnapok.ro\/2025\/?page_id=5708"},"modified":"2025-06-19T00:49:34","modified_gmt":"2025-06-18T21:49:34","slug":"aplicatie","status":"publish","type":"page","link":"https:\/\/magyarnapok.ro\/2025\/ro\/aplicatie\/","title":{"rendered":"Aplica\u021bie"},"content":{"rendered":"\n<div class=\"wp-block-columns is-layout-flex wp-container-core-columns-is-layout-9d6595d7 wp-block-columns-is-layout-flex\">\n<div class=\"wp-block-column is-layout-flow wp-block-column-is-layout-flow\">\n<figure class=\"wp-block-image aligncenter size-full is-resized\"><img loading=\"lazy\" decoding=\"async\" width=\"620\" height=\"581\" src=\"https:\/\/magyarnapok.ro\/2025\/wp-content\/uploads\/2024\/08\/festivapp_logo_with_name_glow.png\" alt=\"\" class=\"wp-image-2968\" style=\"width:313px;height:auto\" srcset=\"https:\/\/magyarnapok.ro\/2025\/wp-content\/uploads\/2024\/08\/festivapp_logo_with_name_glow.png 620w, https:\/\/magyarnapok.ro\/2025\/wp-content\/uploads\/2024\/08\/festivapp_logo_with_name_glow-300x281.png 300w\" sizes=\"auto, (max-width: 620px) 100vw, 620px\" \/><\/figure>\n<\/div>\n<\/div>\n\n\n\n<div class=\"wp-block-columns is-layout-flex wp-container-core-columns-is-layout-9d6595d7 wp-block-columns-is-layout-flex\">\n<div class=\"wp-block-column is-layout-flow wp-block-column-is-layout-flow\"><\/div>\n\n\n\n<div class=\"wp-block-column is-layout-flow wp-block-column-is-layout-flow\"><\/div>\n<\/div>\n\n\n\n<div class=\"wp-block-columns is-layout-flex wp-container-core-columns-is-layout-9d6595d7 wp-block-columns-is-layout-flex\">\n<div class=\"wp-block-column is-layout-flow wp-block-column-is-layout-flow\">\n<figure class=\"wp-block-image aligncenter size-full\"><a href=\"https:\/\/play.google.com\/store\/apps\/details?id=edu.codespring.festivapp.android&amp;pcampaignid=web_share\"><img loading=\"lazy\" decoding=\"async\" width=\"270\" height=\"80\" src=\"https:\/\/magyarnapok.ro\/2025\/wp-content\/uploads\/2025\/06\/GetItOnGooglePlay_Badge_Web_color_Romanian.png\" alt=\"\" class=\"wp-image-5712\"\/><\/a><\/figure>\n<\/div>\n\n\n\n<div class=\"wp-block-column is-layout-flow wp-block-column-is-layout-flow\">\n<figure class=\"wp-block-image aligncenter size-full is-resized\"><a href=\"https:\/\/apps.apple.com\/us\/app\/ifestivapp\/id1108382627?ign-itscg=30200&amp;ign-itsct=apps_box_badge\"><img loading=\"lazy\" decoding=\"async\" width=\"270\" height=\"90\" src=\"https:\/\/magyarnapok.ro\/2025\/wp-content\/uploads\/2025\/06\/Download_on_the_App_Store_Badge_RO_RGB_blk_100317-1.png\" alt=\"\" class=\"wp-image-5714\" style=\"width:249px;height:auto\"\/><\/a><\/figure>\n<\/div>\n<\/div>\n","protected":false},"excerpt":{"rendered":"","protected":false},"author":1,"featured_media":0,"parent":0,"menu_order":0,"comment_status":"closed","ping_status":"closed","template":"","meta":{"_acf_changed":false,"footnotes":""},"class_list":["post-5708","page","type-page","status-publish","hentry"],"acf":[],"yoast_head":"<!-- This site is optimized with the Yoast SEO plugin v25.5 - https:\/\/yoast.com\/wordpress\/plugins\/seo\/ -->\n<title>Aplica\u021bie - Kolozsv\u00e1ri Magyar Napok 2025<\/title>\n<meta name=\"robots\" content=\"index, follow, max-snippet:-1, max-image-preview:large, max-video-preview:-1\" \/>\n<link rel=\"canonical\" href=\"https:\/\/magyarnapok.ro\/2025\/ro\/aplicatie\/\" \/>\n<meta property=\"og:locale\" content=\"hu_HU\" \/>\n<meta property=\"og:type\" content=\"article\" \/>\n<meta property=\"og:title\" content=\"Aplica\u021bie - Kolozsv\u00e1ri Magyar Napok 2025\" \/>\n<meta property=\"og:url\" content=\"https:\/\/magyarnapok.ro\/2025\/ro\/aplicatie\/\" \/>\n<meta property=\"og:site_name\" content=\"Kolozsv\u00e1ri Magyar Napok 2025\" \/>\n<meta property=\"article:publisher\" content=\"https:\/\/www.facebook.com\/magyarnapok\" \/>\n<meta property=\"article:modified_time\" content=\"2025-06-18T21:49:34+00:00\" \/>\n<meta property=\"og:image\" content=\"https:\/\/magyarnapok.ro\/2025\/wp-content\/uploads\/2024\/08\/festivapp_logo_with_name_glow.png\" \/>\n\t<meta property=\"og:image:width\" content=\"620\" \/>\n\t<meta property=\"og:image:height\" content=\"581\" \/>\n\t<meta property=\"og:image:type\" content=\"image\/png\" \/>\n<meta name=\"twitter:card\" content=\"summary_large_image\" \/>\n<meta name=\"twitter:label1\" content=\"Becs\u00fclt olvas\u00e1si id\u0151\" \/>\n\t<meta name=\"twitter:data1\" content=\"1 perc\" \/>\n<script type=\"application\/ld+json\" class=\"yoast-schema-graph\">{\"@context\":\"https:\/\/schema.org\",\"@graph\":[{\"@type\":\"WebPage\",\"@id\":\"https:\/\/magyarnapok.ro\/2025\/ro\/aplicatie\/\",\"url\":\"https:\/\/magyarnapok.ro\/2025\/ro\/aplicatie\/\",\"name\":\"Aplica\u021bie - Kolozsv\u00e1ri Magyar Napok 2025\",\"isPartOf\":{\"@id\":\"https:\/\/magyarnapok.ro\/2025\/#website\"},\"primaryImageOfPage\":{\"@id\":\"https:\/\/magyarnapok.ro\/2025\/ro\/aplicatie\/#primaryimage\"},\"image\":{\"@id\":\"https:\/\/magyarnapok.ro\/2025\/ro\/aplicatie\/#primaryimage\"},\"thumbnailUrl\":\"https:\/\/magyarnapok.ro\/2025\/wp-content\/uploads\/2024\/08\/festivapp_logo_with_name_glow.png\",\"datePublished\":\"2025-06-18T21:31:25+00:00\",\"dateModified\":\"2025-06-18T21:49:34+00:00\",\"breadcrumb\":{\"@id\":\"https:\/\/magyarnapok.ro\/2025\/ro\/aplicatie\/#breadcrumb\"},\"inLanguage\":\"hu\",\"potentialAction\":[{\"@type\":\"ReadAction\",\"target\":[\"https:\/\/magyarnapok.ro\/2025\/ro\/aplicatie\/\"]}]},{\"@type\":\"ImageObject\",\"inLanguage\":\"hu\",\"@id\":\"https:\/\/magyarnapok.ro\/2025\/ro\/aplicatie\/#primaryimage\",\"url\":\"https:\/\/magyarnapok.ro\/2025\/wp-content\/uploads\/2024\/08\/festivapp_logo_with_name_glow.png\",\"contentUrl\":\"https:\/\/magyarnapok.ro\/2025\/wp-content\/uploads\/2024\/08\/festivapp_logo_with_name_glow.png\",\"width\":620,\"height\":581},{\"@type\":\"BreadcrumbList\",\"@id\":\"https:\/\/magyarnapok.ro\/2025\/ro\/aplicatie\/#breadcrumb\",\"itemListElement\":[{\"@type\":\"ListItem\",\"position\":1,\"name\":\"Kezd\u0151lap\",\"item\":\"https:\/\/magyarnapok.ro\/2025\/\"},{\"@type\":\"ListItem\",\"position\":2,\"name\":\"Aplica\u021bie\"}]},{\"@type\":\"WebSite\",\"@id\":\"https:\/\/magyarnapok.ro\/2025\/#website\",\"url\":\"https:\/\/magyarnapok.ro\/2025\/\",\"name\":\"Kolozsv\u00e1ri Magyar Napok 2025\",\"description\":\"Helyben vagyunk!\",\"publisher\":{\"@id\":\"https:\/\/magyarnapok.ro\/2025\/#organization\"},\"potentialAction\":[{\"@type\":\"SearchAction\",\"target\":{\"@type\":\"EntryPoint\",\"urlTemplate\":\"https:\/\/magyarnapok.ro\/2025\/?s={search_term_string}\"},\"query-input\":{\"@type\":\"PropertyValueSpecification\",\"valueRequired\":true,\"valueName\":\"search_term_string\"}}],\"inLanguage\":\"hu\"},{\"@type\":\"Organization\",\"@id\":\"https:\/\/magyarnapok.ro\/2025\/#organization\",\"name\":\"Kolozsv\u00e1ri Magyar Napok 2025\",\"url\":\"https:\/\/magyarnapok.ro\/2025\/\",\"logo\":{\"@type\":\"ImageObject\",\"inLanguage\":\"hu\",\"@id\":\"https:\/\/magyarnapok.ro\/2025\/#\/schema\/logo\/image\/\",\"url\":\"https:\/\/magyarnapok.ro\/2025\/wp-content\/uploads\/2024\/03\/KMN2023-www-logo-01.png\",\"contentUrl\":\"https:\/\/magyarnapok.ro\/2025\/wp-content\/uploads\/2024\/03\/KMN2023-www-logo-01.png\",\"width\":762,\"height\":589,\"caption\":\"Kolozsv\u00e1ri Magyar Napok 2025\"},\"image\":{\"@id\":\"https:\/\/magyarnapok.ro\/2025\/#\/schema\/logo\/image\/\"},\"sameAs\":[\"https:\/\/www.facebook.com\/magyarnapok\",\"https:\/\/www.instagram.com\/magyarnapok\/\",\"https:\/\/www.youtube.com\/c\/KolozsvriMagyarNapok2015\",\"https:\/\/www.tiktok.com\/@kmn_kolozsvar\"]}]}<\/script>\n<!-- \/ Yoast SEO plugin. -->","yoast_head_json":{"title":"Aplica\u021bie - Kolozsv\u00e1ri Magyar Napok 2025","robots":{"index":"index","follow":"follow","max-snippet":"max-snippet:-1","max-image-preview":"max-image-preview:large","max-video-preview":"max-video-preview:-1"},"canonical":"https:\/\/magyarnapok.ro\/2025\/ro\/aplicatie\/","og_locale":"hu_HU","og_type":"article","og_title":"Aplica\u021bie - Kolozsv\u00e1ri Magyar Napok 2025","og_url":"https:\/\/magyarnapok.ro\/2025\/ro\/aplicatie\/","og_site_name":"Kolozsv\u00e1ri Magyar Napok 2025","article_publisher":"https:\/\/www.facebook.com\/magyarnapok","article_modified_time":"2025-06-18T21:49:34+00:00","og_image":[{"width":620,"height":581,"url":"https:\/\/magyarnapok.ro\/2025\/wp-content\/uploads\/2024\/08\/festivapp_logo_with_name_glow.png","type":"image\/png"}],"twitter_card":"summary_large_image","twitter_misc":{"Becs\u00fclt olvas\u00e1si id\u0151":"1 perc"},"schema":{"@context":"https:\/\/schema.org","@graph":[{"@type":"WebPage","@id":"https:\/\/magyarnapok.ro\/2025\/ro\/aplicatie\/","url":"https:\/\/magyarnapok.ro\/2025\/ro\/aplicatie\/","name":"Aplica\u021bie - Kolozsv\u00e1ri Magyar Napok 2025","isPartOf":{"@id":"https:\/\/magyarnapok.ro\/2025\/#website"},"primaryImageOfPage":{"@id":"https:\/\/magyarnapok.ro\/2025\/ro\/aplicatie\/#primaryimage"},"image":{"@id":"https:\/\/magyarnapok.ro\/2025\/ro\/aplicatie\/#primaryimage"},"thumbnailUrl":"https:\/\/magyarnapok.ro\/2025\/wp-content\/uploads\/2024\/08\/festivapp_logo_with_name_glow.png","datePublished":"2025-06-18T21:31:25+00:00","dateModified":"2025-06-18T21:49:34+00:00","breadcrumb":{"@id":"https:\/\/magyarnapok.ro\/2025\/ro\/aplicatie\/#breadcrumb"},"inLanguage":"hu","potentialAction":[{"@type":"ReadAction","target":["https:\/\/magyarnapok.ro\/2025\/ro\/aplicatie\/"]}]},{"@type":"ImageObject","inLanguage":"hu","@id":"https:\/\/magyarnapok.ro\/2025\/ro\/aplicatie\/#primaryimage","url":"https:\/\/magyarnapok.ro\/2025\/wp-content\/uploads\/2024\/08\/festivapp_logo_with_name_glow.png","contentUrl":"https:\/\/magyarnapok.ro\/2025\/wp-content\/uploads\/2024\/08\/festivapp_logo_with_name_glow.png","width":620,"height":581},{"@type":"BreadcrumbList","@id":"https:\/\/magyarnapok.ro\/2025\/ro\/aplicatie\/#breadcrumb","itemListElement":[{"@type":"ListItem","position":1,"name":"Kezd\u0151lap","item":"https:\/\/magyarnapok.ro\/2025\/"},{"@type":"ListItem","position":2,"name":"Aplica\u021bie"}]},{"@type":"WebSite","@id":"https:\/\/magyarnapok.ro\/2025\/#website","url":"https:\/\/magyarnapok.ro\/2025\/","name":"Kolozsv\u00e1ri Magyar Napok 2025","description":"Helyben vagyunk!","publisher":{"@id":"https:\/\/magyarnapok.ro\/2025\/#organization"},"potentialAction":[{"@type":"SearchAction","target":{"@type":"EntryPoint","urlTemplate":"https:\/\/magyarnapok.ro\/2025\/?s={search_term_string}"},"query-input":{"@type":"PropertyValueSpecification","valueRequired":true,"valueName":"search_term_string"}}],"inLanguage":"hu"},{"@type":"Organization","@id":"https:\/\/magyarnapok.ro\/2025\/#organization","name":"Kolozsv\u00e1ri Magyar Napok 2025","url":"https:\/\/magyarnapok.ro\/2025\/","logo":{"@type":"ImageObject","inLanguage":"hu","@id":"https:\/\/magyarnapok.ro\/2025\/#\/schema\/logo\/image\/","url":"https:\/\/magyarnapok.ro\/2025\/wp-content\/uploads\/2024\/03\/KMN2023-www-logo-01.png","contentUrl":"https:\/\/magyarnapok.ro\/2025\/wp-content\/uploads\/2024\/03\/KMN2023-www-logo-01.png","width":762,"height":589,"caption":"Kolozsv\u00e1ri Magyar Napok 2025"},"image":{"@id":"https:\/\/magyarnapok.ro\/2025\/#\/schema\/logo\/image\/"},"sameAs":["https:\/\/www.facebook.com\/magyarnapok","https:\/\/www.instagram.com\/magyarnapok\/","https:\/\/www.youtube.com\/c\/KolozsvriMagyarNapok2015","https:\/\/www.tiktok.com\/@kmn_kolozsvar"]}]}},"lang":"ro","translations":{"ro":5708,"hu":2644},"pll_sync_post":[],"_links":{"self":[{"href":"https:\/\/magyarnapok.ro\/2025\/wp-json\/wp\/v2\/pages\/5708","targetHints":{"allow":["GET"]}}],"collection":[{"href":"https:\/\/magyarnapok.ro\/2025\/wp-json\/wp\/v2\/pages"}],"about":[{"href":"https:\/\/magyarnapok.ro\/2025\/wp-json\/wp\/v2\/types\/page"}],"author":[{"embeddable":true,"href":"https:\/\/magyarnapok.ro\/2025\/wp-json\/wp\/v2\/users\/1"}],"replies":[{"embeddable":true,"href":"https:\/\/magyarnapok.ro\/2025\/wp-json\/wp\/v2\/comments?post=5708"}],"version-history":[{"count":3,"href":"https:\/\/magyarnapok.ro\/2025\/wp-json\/wp\/v2\/pages\/5708\/revisions"}],"predecessor-version":[{"id":5716,"href":"https:\/\/magyarnapok.ro\/2025\/wp-json\/wp\/v2\/pages\/5708\/revisions\/5716"}],"wp:attachment":[{"href":"https:\/\/magyarnapok.ro\/2025\/wp-json\/wp\/v2\/media?parent=5708"}],"curies":[{"name":"wp","href":"https:\/\/api.w.org\/{rel}","templated":true}]}}